{"id":2091,"date":"2018-09-20T13:18:37","date_gmt":"2018-09-20T16:18:37","guid":{"rendered":"https:\/\/www.puspfc.usp.br\/?page_id=2091"},"modified":"2026-04-28T17:07:12","modified_gmt":"2026-04-28T20:07:12","slug":"boletim-informativo","status":"publish","type":"page","link":"https:\/\/www.puspfc.usp.br\/index.php\/sobre-nos\/boletim-informativo\/","title":{"rendered":"Boletins Informativos Oficiais PUSP-FC"},"content":{"rendered":"\n<p><strong>Boletim Informativo:<\/strong><\/p>\n\n\n\n<ul class=\"wp-block-list\">\n<li><a href=\"https:\/\/www.puspfc.usp.br\/wp-content\/uploads\/2026\/04\/Ed.-25-Bebedouros.pdf\" data-type=\"link\" data-id=\"https:\/\/www.puspfc.usp.br\/wp-content\/uploads\/2026\/04\/Ed.-25-Bebedouros.pdf\">Edi\u00e7\u00e3o 25 &#8211; Abril 2026 &#8211; Novos Bebedouros no Campus <\/a><\/li>\n\n\n\n<li><a href=\"https:\/\/www.puspfc.usp.br\/wp-content\/uploads\/2026\/03\/Ed.-24-Reforma-das-quadras.pdf\" data-type=\"link\" data-id=\"https:\/\/www.puspfc.usp.br\/wp-content\/uploads\/2026\/03\/Ed.-24-Reforma-das-quadras.pdf\" target=\"_blank\" rel=\"noreferrer noopener\">Edi\u00e7\u00e3o 24 &#8211; Mar\u00e7o 2026 &#8211; Quadras esportivas do CEFER s\u00e3o reabertas ap\u00f3s reforma<\/a><\/li>\n\n\n\n<li><a href=\"https:\/\/www.puspfc.usp.br\/wp-content\/uploads\/2025\/10\/Ed.-23-Usinas-fotovoltaicas-e-quadras.pdf\">Edi\u00e7\u00e3o 23- Outubro\/2025 &#8211; Usinas fotovoltaicas<\/a> <\/li>\n\n\n\n<li><a href=\"https:\/\/www.puspfc.usp.br\/wp-content\/uploads\/2025\/06\/Boletim-informativo-Replantio-Santa-Fe.pdf\" target=\"_blank\" rel=\"noreferrer noopener\">Edi\u00e7\u00e3o 22 &#8211; Junho\/2025 &#8211; Reflorestamento no entorno da Lagoa Santa F\u00e9<\/a><\/li>\n\n\n\n<li><a href=\"https:\/\/www.puspfc.usp.br\/wp-content\/uploads\/2023\/09\/Ed.-21-Sala-de-estudos.pdf\" target=\"_blank\" rel=\"noreferrer noopener\">Edi\u00e7\u00e3o 21 &#8211; Setembro\/2023 &#8211; Moradia Estudantil<\/a><\/li>\n\n\n\n<li><a href=\"https:\/\/www.puspfc.usp.br\/wp-content\/uploads\/2023\/09\/Ed.-20-Mountain-Bikes.pdf\" target=\"_blank\" rel=\"noreferrer noopener\">Edi\u00e7\u00e3o 20 &#8211; Abril\/2023 &#8211; Projeto Vamos de bike!<\/a><\/li>\n\n\n\n<li><a href=\"https:\/\/www.puspfc.usp.br\/wp-content\/uploads\/2023\/09\/Ed.-20-Mountain-Bikes.pdf\" data-type=\"link\" data-id=\"https:\/\/www.puspfc.usp.br\/wp-content\/uploads\/2023\/09\/Ed.-20-Mountain-Bikes.pdf\" target=\"_blank\" rel=\"noreferrer noopener\">Edi\u00e7\u00e3o 19 &#8211; Mar\u00e7o\/2023 &#8211; Lan\u00e7amento de Minifoguete<\/a><\/li>\n\n\n\n<li><a rel=\"noopener\" href=\"https:\/\/www.puspfc.usp.br\/wp-content\/uploads\/2022\/02\/boletim_sustain_descarte_residuos.pdf\" target=\"_blank\">Boletim PUSP-FC Sustent\u00e1vel &#8211; Descarte de Res\u00edduos<\/a><\/li>\n\n\n\n<li><a href=\"https:\/\/www.puspfc.usp.br\/wp-content\/uploads\/2022\/02\/boletim_18_pre-secado.pdf\" data-type=\"URL\" data-id=\"https:\/\/www.puspfc.usp.br\/wp-content\/uploads\/2022\/02\/boletim_18_pre-secado.pdf\" target=\"_blank\" rel=\"noreferrer noopener\">Edi\u00e7\u00e3o 18 &#8211; Dezembro\/2021 &#8211; Pr\u00e9-secado<\/a><\/li>\n\n\n\n<li><a rel=\"noopener noreferrer\" href=\"https:\/\/www.puspfc.usp.br\/wp-content\/uploads\/2020\/09\/edicao_17_iluminacao_cefer-6.pdf\" target=\"_blank\">Edi\u00e7\u00e3o 17 &#8211; Setembro\/2020 &#8211; Ilumina\u00e7\u00e3o Nova CEFER<\/a><\/li>\n\n\n\n<li><a rel=\"noopener noreferrer\" href=\"https:\/\/www.puspfc.usp.br\/wp-content\/uploads\/2020\/08\/edicao_16_geoepidemic-5.pdf\" target=\"_blank\">Edi\u00e7\u00e3o 16 &#8211; Agosto\/2020 &#8211; Sistema Geoepidemic<\/a><\/li>\n\n\n\n<li><a href=\"https:\/\/www.puspfc.usp.br\/wp-content\/uploads\/2020\/05\/edicao_15_reforma_sede_svfiseg-5.pdf\" target=\"_blank\" rel=\"noreferrer noopener\">Edi\u00e7ao 15 &#8211; Maio\/2020 &#8211; Reforma da Sede da Guarda Universit\u00e1ria<\/a><\/li>\n\n\n\n<li><a rel=\"noopener noreferrer\" href=\"https:\/\/www.puspfc.usp.br\/wp-content\/uploads\/2020\/03\/edificio_14_caminhao-4.pdf\" target=\"_blank\">Edi\u00e7\u00e3o 14 &#8211; Mar\u00e7o\/2020 &#8211; Novo Caminh\u00e3o para Coleta de Lixo<\/a><\/li>\n\n\n\n<li><a rel=\"noopener noreferrer\" href=\"https:\/\/www.puspfc.usp.br\/wp-content\/uploads\/2020\/02\/boletim13-fevereiro2020-2.pdf\" target=\"_blank\">Edi\u00e7\u00e3o 13 &#8211; Fevereiro\/2020 &#8211; Novo ve\u00edculo para transporte de pessoas com mobilidade reduzida<\/a><\/li>\n\n\n\n<li><a rel=\"noopener noreferrer\" href=\"https:\/\/www.puspfc.usp.br\/wp-content\/uploads\/2020\/02\/boletim_12_nov_2019-3.pdf\" target=\"_blank\">Edi\u00e7\u00e3o 12 &#8211; Novembro\/2019 &#8211; Evento marca os 30 anos de cria\u00e7\u00e3o do Campus<\/a><\/li>\n\n\n\n<li><a rel=\"noopener noreferrer\" href=\"https:\/\/www.puspfc.usp.br\/wp-content\/uploads\/2019\/10\/boletim_11_renova-4.pdf-4.pdf\" target=\"_blank\">Edi\u00e7\u00e3o 11 &#8211; Outubro\/2019 &#8211; Implanta\u00e7\u00e3o do programa RENOVA no Campus<\/a><\/li>\n\n\n\n<li><a href=\"https:\/\/www.puspfc.usp.br\/wp-content\/uploads\/2019\/10\/boletim_10_drone-6.pdf\">Edi\u00e7\u00e3o 10 &#8211; Outubro\/2010 &#8211; &#8220;Patrulhamento A\u00e9reo do Campus&#8221;<\/a><\/li>\n\n\n\n<li><a href=\"https:\/\/www.puspfc.usp.br\/wp-content\/uploads\/2019\/08\/edicao_09_2019-6.pdf\">Edi\u00e7\u00e3o 09 &#8211; Agosto\/2019 &#8211; Inaugura\u00e7\u00f5es do Campus &#8220;Fernando Costa&#8221;<\/a><\/li>\n\n\n\n<li><a rel=\"noopener noreferrer\" href=\"https:\/\/www.puspfc.usp.br\/wp-content\/uploads\/2019\/06\/edicao_08_2019-6.pdf\" target=\"_blank\">Edi\u00e7\u00e3o 08 &#8211; Junho\/2019 &#8211; Finaliza\u00e7\u00e3o de obras do Campus&nbsp;<\/a><\/li>\n\n\n\n<li><a rel=\"noopener noreferrer\" href=\"https:\/\/www.puspfc.usp.br\/wp-content\/uploads\/2019\/04\/edicao07-3.pdf\" target=\"_blank\">Edi\u00e7\u00e3o 07 &#8211; Abril\/2019 &#8211; &#8220;Campus Fernando Costa o primeiro da USO a ter sistema de telefonia totalmente VoIP&#8221;<\/a><\/li>\n\n\n\n<li><a rel=\"noopener noreferrer\" href=\"https:\/\/www.puspfc.usp.br\/wp-content\/uploads\/2019\/04\/edicao06-3.pdf\" target=\"_blank\">Edi\u00e7\u00e3o 06 &#8211; Abril\/2019 &#8211; &#8220;Novos Equipamentos para Transporte de Feno&#8221;<\/a><\/li>\n\n\n\n<li><a rel=\"noopener noreferrer\" href=\"https:\/\/www.puspfc.usp.br\/wp-content\/uploads\/2019\/01\/edicao_05_reuniao_dirigentes-3.pdf\" target=\"_blank\">Edi\u00e7\u00e3o 05 &#8211; Campus Fernando Costa sedia reuni\u00e3o de Dirigentes da USP<\/a><\/li>\n\n\n\n<li><a rel=\"noopener noreferrer\" href=\"https:\/\/www.puspfc.usp.br\/wp-content\/uploads\/2018\/11\/edicao_04_novembro-1.pdf\" target=\"_blank\">Edi\u00e7\u00e3o 04 &#8211; Novembro\/2018 &#8211; &#8220;Nova ilumina\u00e7\u00e3o na Ciclovia do Campus&#8221;<\/a><\/li>\n\n\n\n<li><a rel=\"noopener noreferrer\" href=\"https:\/\/www.puspfc.usp.br\/wp-content\/uploads\/2018\/10\/diasemcarro.pdf\" target=\"_blank\">Edi\u00e7\u00e3o 03 &#8211; Outubro\/2018 &#8211; &#8220;Dia sem Carro&#8221;<\/a><\/li>\n\n\n\n<li><a rel=\"noopener noreferrer\" href=\"https:\/\/www.puspfc.usp.br\/wp-content\/uploads\/2018\/11\/edicao_02_feno-3.pdf\" target=\"_blank\">Edi\u00e7\u00e3o 02 &#8211; Setembro\/2018 &#8211; &#8220;Intensificando a Produ\u00e7\u00e3o de Feno no Inverno&#8221;<\/a><\/li>\n\n\n\n<li><a rel=\"noopener noreferrer\" href=\"https:\/\/www.puspfc.usp.br\/wp-content\/uploads\/2018\/11\/edicao_01_circular-3.pdf\" target=\"_blank\">Edi\u00e7\u00e3o 01 &#8211; Setembro\/2018 &#8211;&nbsp; &#8220;Novo \u00f4nibus circular para a Comunidade&#8221;<\/a><\/li>\n<\/ul>\n","protected":false},"excerpt":{"rendered":"<p>Boletim Informativo:<\/p>\n","protected":false},"author":1,"featured_media":0,"parent":1363,"menu_order":0,"comment_status":"closed","ping_status":"closed","template":"","meta":{"footnotes":"","_links_to":"","_links_to_target":""},"class_list":["post-2091","page","type-page","status-publish","hentry"],"_links":{"self":[{"href":"https:\/\/www.puspfc.usp.br\/index.php\/wp-json\/wp\/v2\/pages\/2091","targetHints":{"allow":["GET"]}}],"collection":[{"href":"https:\/\/www.puspfc.usp.br\/index.php\/wp-json\/wp\/v2\/pages"}],"about":[{"href":"https:\/\/www.puspfc.usp.br\/index.php\/wp-json\/wp\/v2\/types\/page"}],"author":[{"embeddable":true,"href":"https:\/\/www.puspfc.usp.br\/index.php\/wp-json\/wp\/v2\/users\/1"}],"replies":[{"embeddable":true,"href":"https:\/\/www.puspfc.usp.br\/index.php\/wp-json\/wp\/v2\/comments?post=2091"}],"version-history":[{"count":4,"href":"https:\/\/www.puspfc.usp.br\/index.php\/wp-json\/wp\/v2\/pages\/2091\/revisions"}],"predecessor-version":[{"id":4764,"href":"https:\/\/www.puspfc.usp.br\/index.php\/wp-json\/wp\/v2\/pages\/2091\/revisions\/4764"}],"up":[{"embeddable":true,"href":"https:\/\/www.puspfc.usp.br\/index.php\/wp-json\/wp\/v2\/pages\/1363"}],"wp:attachment":[{"href":"https:\/\/www.puspfc.usp.br\/index.php\/wp-json\/wp\/v2\/media?parent=2091"}],"curies":[{"name":"wp","href":"https:\/\/api.w.org\/{rel}","templated":true}]}}