{"id":3935,"date":"2016-02-01T13:02:58","date_gmt":"2016-02-01T13:02:58","guid":{"rendered":"https:\/\/www.puspfc.usp.br\/?page_id=48"},"modified":"2026-02-19T14:49:28","modified_gmt":"2026-02-19T17:49:28","slug":"onibus-circular","status":"publish","type":"page","link":"https:\/\/www.puspfc.usp.br\/index.php\/servicos\/onibus-circular\/","title":{"rendered":"\u00d4nibus Circular Hor\u00e1rio"},"content":{"rendered":"\n<p><strong>ATEN\u00c7\u00c3O:<\/strong><\/p>\n\n\n\n<p>Informamos que,&nbsp;a&nbsp;partir do&nbsp;dia 23\/02&nbsp;e&nbsp;at\u00e9 a finaliza\u00e7\u00e3o&nbsp;da obra de reforma da Oca,&nbsp;o embarque e desembarque&nbsp;de passageiros no ponto final do \u00f4nibus circular&nbsp;ocorrer\u00e3o&nbsp;no antigo ponto final, localizado atr\u00e1s do Restaurante Universit\u00e1rio, no Pr\u00e9dio Central, conforme indicado nas imagens abaixo.<\/p>\n\n\n\n<p>Assim, o ponto de \u00f4nibus provis\u00f3rio, localizado temporariamente na Pra\u00e7a do Izipiano, ao lado do Pr\u00e9dio Central, ser\u00e1 desativado, voltando a ser somente ponto de carona:<\/p>\n\n\n<div class=\"wp-block-image\">\n<figure class=\"aligncenter size-full is-resized\"><img loading=\"lazy\" decoding=\"async\" width=\"867\" height=\"720\" src=\"https:\/\/www.puspfc.usp.br\/wp-content\/uploads\/2026\/02\/Ponto-Onibus-P-Central-19-02-26.jpg\" alt=\"\" class=\"wp-image-4694\" style=\"aspect-ratio:1.204198310436044;width:687px;height:auto\" srcset=\"https:\/\/www.puspfc.usp.br\/wp-content\/uploads\/2026\/02\/Ponto-Onibus-P-Central-19-02-26.jpg 867w, https:\/\/www.puspfc.usp.br\/wp-content\/uploads\/2026\/02\/Ponto-Onibus-P-Central-19-02-26-300x249.jpg 300w, https:\/\/www.puspfc.usp.br\/wp-content\/uploads\/2026\/02\/Ponto-Onibus-P-Central-19-02-26-768x638.jpg 768w\" sizes=\"auto, (max-width: 867px) 100vw, 867px\" \/><\/figure>\n<\/div>\n\n\n<hr class=\"wp-block-separator has-alpha-channel-opacity\"\/>\n\n\n<a href=\"https:\/\/www.puspfc.usp.br\/wp-content\/uploads\/2023\/04\/CIRCULAR-INTERNO-HORARIOS-PERIODO-LETIVO.pdf\" class=\"pdfemb-viewer\" style=\"\" data-width=\"max\" data-height=\"max\" data-toolbar=\"bottom\" data-toolbar-fixed=\"off\">CIRCULAR-INTERNO-HORARIOS-PERIODO-LETIVO<\/a>\n\n\n<p><strong>&#8220;Informamos que a atividade do \u00f4nibus circular interno segue o calend\u00e1rio escolar da Pr\u00f3-Reitoria de Gradua\u00e7\u00e3o e que os feriados e pontes (emendas) n\u00e3o s\u00e3o considerados dias letivos,&nbsp;n\u00e3o havendo, portanto, circula\u00e7\u00e3o nesses dias.&#8221;<\/strong><\/p>\n\n\n\n<hr class=\"wp-block-separator has-alpha-channel-opacity is-style-wide\"\/>\n\n\n\n<p><strong>Em per\u00edodos de recesso de aulas:<\/strong><\/p>\n\n\n\n<figure class=\"wp-block-table\"><table class=\"has-fixed-layout\"><tbody><tr><td><strong>Sa\u00edda do Pr\u00e9dio Central<\/strong><\/td><td><strong>Portaria<\/strong><\/td><td><strong>Chegada Pr\u00e9dio Central<\/strong><\/td><\/tr><tr><td>06:20<\/td><td>06:35<\/td><td>06:50<\/td><\/tr><tr><td>07:30<\/td><td>07:45<\/td><td>08:00<\/td><\/tr><tr><td>11:05<\/td><td>11:20<\/td><td>11:35<\/td><\/tr><tr><td>12:25<\/td><td>12:40<\/td><td>12:55<\/td><\/tr><tr><td>13:35<\/td><td>13:50<\/td><td>14:05<\/td><\/tr><tr><td>16:00<\/td><td>16:15<\/td><td>16:30<\/td><\/tr><tr><td>17:05<\/td><td>17:20<\/td><td>17:35<\/td><\/tr><tr><td>17:45<\/td><td>18:00<\/td><td>18:15<\/td><\/tr><\/tbody><\/table><\/figure>\n\n\n<div>\u00a0<\/div>\n<p>Se\u00e7\u00e3o de Transportes<\/p>\n<p>(19) 3565-4025<\/p>\n\n\n<p><\/p>\n","protected":false},"excerpt":{"rendered":"<p>ATEN\u00c7\u00c3O: Informamos que,&nbsp;a&nbsp;partir do&nbsp;dia 23\/02&nbsp;e&nbsp;at\u00e9 a finaliza\u00e7\u00e3o&nbsp;da obra de reforma da Oca,&nbsp;o embarque e desembarque&nbsp;de passageiros no ponto final do \u00f4nibus circular&nbsp;ocorrer\u00e3o&nbsp;no antigo ponto final, localizado atr\u00e1s do Restaurante Universit\u00e1rio, no Pr\u00e9dio Central, conforme indicado nas imagens abaixo. Assim, o ponto de \u00f4nibus provis\u00f3rio, localizado temporariamente na Pra\u00e7a do Izipiano,&#46;&#46;&#46;<\/p>\n","protected":false},"author":1,"featured_media":0,"parent":3862,"menu_order":0,"comment_status":"closed","ping_status":"closed","template":"","meta":{"footnotes":"","_links_to":"","_links_to_target":""},"class_list":["post-3935","page","type-page","status-publish","hentry"],"_links":{"self":[{"href":"https:\/\/www.puspfc.usp.br\/index.php\/wp-json\/wp\/v2\/pages\/3935","targetHints":{"allow":["GET"]}}],"collection":[{"href":"https:\/\/www.puspfc.usp.br\/index.php\/wp-json\/wp\/v2\/pages"}],"about":[{"href":"https:\/\/www.puspfc.usp.br\/index.php\/wp-json\/wp\/v2\/types\/page"}],"author":[{"embeddable":true,"href":"https:\/\/www.puspfc.usp.br\/index.php\/wp-json\/wp\/v2\/users\/1"}],"replies":[{"embeddable":true,"href":"https:\/\/www.puspfc.usp.br\/index.php\/wp-json\/wp\/v2\/comments?post=3935"}],"version-history":[{"count":11,"href":"https:\/\/www.puspfc.usp.br\/index.php\/wp-json\/wp\/v2\/pages\/3935\/revisions"}],"predecessor-version":[{"id":4701,"href":"https:\/\/www.puspfc.usp.br\/index.php\/wp-json\/wp\/v2\/pages\/3935\/revisions\/4701"}],"up":[{"embeddable":true,"href":"https:\/\/www.puspfc.usp.br\/index.php\/wp-json\/wp\/v2\/pages\/3862"}],"wp:attachment":[{"href":"https:\/\/www.puspfc.usp.br\/index.php\/wp-json\/wp\/v2\/media?parent=3935"}],"curies":[{"name":"wp","href":"https:\/\/api.w.org\/{rel}","templated":true}]}}