{"id":405,"date":"2016-04-11T08:26:39","date_gmt":"2016-04-11T11:26:39","guid":{"rendered":"https:\/\/www.puspfc.usp.br\/?page_id=405"},"modified":"2016-04-11T08:26:39","modified_gmt":"2016-04-11T11:26:39","slug":"lista-telefonica-fmvz","status":"publish","type":"page","link":"https:\/\/www.puspfc.usp.br\/index.php\/fale-conosco\/lista-telefonica-fmvz\/","title":{"rendered":"Telefones FMVZ"},"content":{"rendered":"<p><strong>Rela\u00e7\u00e3o de ramais da FMVZ:<\/strong><\/p>\n\n<table id=\"tablepress-3\" class=\"tablepress tablepress-id-3\">\n<thead>\n<tr class=\"row-1\">\n\t<th class=\"column-1\">Ramal<\/th><th class=\"column-2\">Local<\/th><th class=\"column-3\">Descri\u00e7\u00e3o\/Usu\u00e1rio<\/th>\n<\/tr>\n<\/thead>\n<tbody class=\"row-striping row-hover\">\n<tr class=\"row-2\">\n\t<td class=\"column-1\">654386<\/td><td class=\"column-2\">ATPS - Assist\u00eancia Administrativa<\/td><td class=\"column-3\">Assist\u00eancia T\u00e9cnica Administrativa - Maria Paula Habitante Thomas<\/td>\n<\/tr>\n<tr class=\"row-3\">\n\t<td class=\"column-1\">656848<\/td><td class=\"column-2\">ATPS - Assist\u00eancia Adm - VVX<\/td><td class=\"column-3\">Assist\u00eancia T\u00e9cnica Administrativa - Maria Paula Habitante Thomas<\/td>\n<\/tr>\n<tr class=\"row-4\">\n\t<td class=\"column-1\">654102<\/td><td class=\"column-2\">ATPS - Apoio Transporte<\/td><td class=\"column-3\">Apoio Administrativo - Marco Antonio L\u00e1zaro<\/td>\n<\/tr>\n<tr class=\"row-5\">\n\t<td class=\"column-1\">654264<\/td><td class=\"column-2\">ATPS - Compras<\/td><td class=\"column-3\">Apoio Administrativo - Compras - Alex Sandro Fabr\u00edcio<\/td>\n<\/tr>\n<tr class=\"row-6\">\n\t<td class=\"column-1\">654119<\/td><td class=\"column-2\">ATPS - Compras<\/td><td class=\"column-3\">Apoio Administrativo - Compras - Eug\u00eania de F\u00e1tima Garcia<\/td>\n<\/tr>\n<tr class=\"row-7\">\n\t<td class=\"column-1\">656767<\/td><td class=\"column-2\">ATPS - Comunica\u00e7\u00e3o<\/td><td class=\"column-3\">Gest\u00e3o de res\u00edduos\/sustentabilidade - Welson Gon\u00e7alves B. Junior<\/td>\n<\/tr>\n<tr class=\"row-8\">\n\t<td class=\"column-1\">654266<\/td><td class=\"column-2\">ATPS - Manuten\u00e7\u00e3o - VVX<\/td><td class=\"column-3\">Se\u00e7\u00e3o de Servi\u00e7os Gerais - Edinei Donizeti Muniz \/ Alysson Calmon de Oliveira <\/td>\n<\/tr>\n<tr class=\"row-9\">\n\t<td class=\"column-1\">654019<\/td><td class=\"column-2\">ATPS - Manuten\u00e7\u00e3o<\/td><td class=\"column-3\">Se\u00e7\u00e3o de Servi\u00e7os Gerais - Evil\u00e1sio Zagare Jr.<\/td>\n<\/tr>\n<tr class=\"row-10\">\n\t<td class=\"column-1\">656722<\/td><td class=\"column-2\">ATPS - Motoristas<\/td><td class=\"column-3\">Motoristas: Jo\u00e3o Leandro Martins \/ Reinaldo Momesso<\/td>\n<\/tr>\n<tr class=\"row-11\">\n\t<td class=\"column-1\">654029<\/td><td class=\"column-2\">ATPS - STI<\/td><td class=\"column-3\">Se\u00e7\u00e3o T\u00e9cnica de Inform\u00e1tica - Adonis Accardi \/ Alexandre M. Ruiz<\/td>\n<\/tr>\n<tr class=\"row-12\">\n\t<td class=\"column-1\">656798<\/td><td class=\"column-2\">CAEP - Prof. Rodrigo Romero - VVX<\/td><td class=\"column-3\">Centro de Apoio ao Ensino e Pesquisa - Prof. Rodrigo Romero Corr\u00eaa<\/td>\n<\/tr>\n<tr class=\"row-13\">\n\t<td class=\"column-1\">654035<\/td><td class=\"column-2\">CAEP - Casa Alunos Residentes<\/td><td class=\"column-3\">Casa Residentes CAEP<\/td>\n<\/tr>\n<tr class=\"row-14\">\n\t<td class=\"column-1\">654037<\/td><td class=\"column-2\">CAEP - Lab. An\u00e1lises<\/td><td class=\"column-3\">Centro de Apoio ao Ensino e Pesquisa - Paulo Roberto Costa<\/td>\n<\/tr>\n<tr class=\"row-15\">\n\t<td class=\"column-1\">656723<\/td><td class=\"column-2\">CAEP - Prof. Romero<\/td><td class=\"column-3\">Centro de Apoio ao Ensino e Pesquisa - Prof. Rodrigo Romero Corr\u00eaa<\/td>\n<\/tr>\n<tr class=\"row-16\">\n\t<td class=\"column-1\">654130<\/td><td class=\"column-2\">CAEP - Prof. F\u00e1bio<\/td><td class=\"column-3\">Centro de Apoio ao Ensino e Pesquisa - Prof. F\u00e1bio Celidonio Pogliani<\/td>\n<\/tr>\n<tr class=\"row-17\">\n\t<td class=\"column-1\">654118<\/td><td class=\"column-2\">CAEP - Secretaria<\/td><td class=\"column-3\">Centro de Apoio ao Ensino e Pesquisa - Ceila Ara\u00fajo Netto Tangerino<\/td>\n<\/tr>\n<tr class=\"row-18\">\n\t<td class=\"column-1\">654033<\/td><td class=\"column-2\">CAEP - Ubiraem<\/td><td class=\"column-3\">Centro de Apoio ao Ensino e Pesquisa - Ubiraem M\u00e1rio Schalch<\/td>\n<\/tr>\n<tr class=\"row-19\">\n\t<td class=\"column-1\">654060<\/td><td class=\"column-2\">CBRA - Apoio<\/td><td class=\"column-3\">Centro de Biotecnologia em Reprodu\u00e7\u00e3o Animal - Clayton Domingos Costa<\/td>\n<\/tr>\n<tr class=\"row-20\">\n\t<td class=\"column-1\">654261<\/td><td class=\"column-2\">CBRA - Coleta Semem<\/td><td class=\"column-3\">CBRA - Sala Coleta de S\u00eamem e Palpa\u00e7\u00e3o Retal<\/td>\n<\/tr>\n<tr class=\"row-21\">\n\t<td class=\"column-1\">654262<\/td><td class=\"column-2\">CBRA - Lab. Andrologia<\/td><td class=\"column-3\">Lab. de Biotecnologia do S\u00eamen e Andrologia - Prof. Rubens Paes de Arruda<\/td>\n<\/tr>\n<tr class=\"row-22\">\n\t<td class=\"column-1\">654249<\/td><td class=\"column-2\">CBRA - Lab. Embrioes<\/td><td class=\"column-3\">Centro de Biotecnologia em Reprodu\u00e7\u00e3o Animal - Laboratorio de Embri\u00f5es<\/td>\n<\/tr>\n<tr class=\"row-23\">\n\t<td class=\"column-1\">654017<\/td><td class=\"column-2\">CBRA - LATES<\/td><td class=\"column-3\">Lab. de Andrologia e Tecnologia em Embri\u00f5es Su\u00ednos - Prof. Andr\u00e9 Furugen \/ Guilherme Pugliesi<\/td>\n<\/tr>\n<tr class=\"row-24\">\n\t<td class=\"column-1\">656737<\/td><td class=\"column-2\">CBRA - LATES - PER24 - Alunos<\/td><td class=\"column-3\">Laborat\u00f3rio de Andrologia e Tecnologia en Embri\u00f5es Su\u00ednos - Sala Alunos<\/td>\n<\/tr>\n<tr class=\"row-25\">\n\t<td class=\"column-1\">654263<\/td><td class=\"column-2\">CBRA - LFEM<\/td><td class=\"column-3\">Lab. de Fisiologia e Endocrinologia Molecular - Prof. Guilherme Pugliese<\/td>\n<\/tr>\n<tr class=\"row-26\">\n\t<td class=\"column-1\">654219<\/td><td class=\"column-2\">CBRA - Prof. Ed<\/td><td class=\"column-3\">Centro de Biotecnologia em Reprodu\u00e7\u00e3o Animal - Prof. Ed Hoffman Madureira<\/td>\n<\/tr>\n<tr class=\"row-27\">\n\t<td class=\"column-1\">654220<\/td><td class=\"column-2\">CBRA - Prof. Guilherme<\/td><td class=\"column-3\">Centro de Biotecnologia em Reprodu\u00e7\u00e3o Animal - Prof. Guilherme Pugliese<\/td>\n<\/tr>\n<tr class=\"row-28\">\n\t<td class=\"column-1\">654221<\/td><td class=\"column-2\">CBRA - Prof. Rubens<\/td><td class=\"column-3\">Centro de Biotecnologia em Reprodu\u00e7\u00e3o Animal - Prof. Rubens Paes de Arruda<\/td>\n<\/tr>\n<tr class=\"row-29\">\n\t<td class=\"column-1\">654064<\/td><td class=\"column-2\">CBRA - Profa. Annelise<\/td><td class=\"column-3\">Centro de Biotecnologia em Reprodu\u00e7\u00e3o Animal - Profa. Annelise de Souza Traldi<\/td>\n<\/tr>\n<tr class=\"row-30\">\n\t<td class=\"column-1\">654242<\/td><td class=\"column-2\">CBRA - Profa. Eneiva Carla<\/td><td class=\"column-3\">Centro de Biotecnologia em Reprodu\u00e7\u00e3o Animal - Profa. Eneiva Carla C. Celeghini<\/td>\n<\/tr>\n<tr class=\"row-31\">\n\t<td class=\"column-1\">656701<\/td><td class=\"column-2\">CBRA - Sala P\u00f3s<\/td><td class=\"column-3\">Centro de Biotecnologia em Reprodu\u00e7\u00e3o Animal - Sala Alunos P\u00f3s-Grad.<\/td>\n<\/tr>\n<tr class=\"row-32\">\n\t<td class=\"column-1\">654235<\/td><td class=\"column-2\">CBRA - Secretaria<\/td><td class=\"column-3\">Centro de Biotecnologia em Reprodu\u00e7\u00e3o Animal - Clayton Domingos Costa<\/td>\n<\/tr>\n<tr class=\"row-33\">\n\t<td class=\"column-1\">656796<\/td><td class=\"column-2\">VNP - Cepen-Pet \/ Ambulat\u00f3rio Cl\u00ednico<\/td><td class=\"column-3\">Centro de Pesquisa em Nutrologia de C\u00e3es e Gatos - Josane Le\u00e3o Ferraz<\/td>\n<\/tr>\n<tr class=\"row-34\">\n\t<td class=\"column-1\">656795<\/td><td class=\"column-2\">VNP - Cepen-Pet \/ Lab. An\u00e1lises 2<\/td><td class=\"column-3\">Centro de Pesquisa em Nutrologia de C\u00e3es e Gatos - Prof. M\u00e1rcio A. Brunetto<\/td>\n<\/tr>\n<tr class=\"row-35\">\n\t<td class=\"column-1\">656793<\/td><td class=\"column-2\">VNP - Cepen-Pet \/ Lab. Metabolismo<\/td><td class=\"column-3\">Centro de Pesquisa em Nutrologia de C\u00e3es e Gatos - Prof. M\u00e1rcio A. Brunetto<\/td>\n<\/tr>\n<tr class=\"row-36\">\n\t<td class=\"column-1\">654175<\/td><td class=\"column-2\">VNP - Cepen-Pet \/ Recep\u00e7\u00e3o<\/td><td class=\"column-3\">Centro de Pesquisa em Nutrologia de C\u00e3es e Gatos - Prof. M\u00e1rcio A. Brunetto<\/td>\n<\/tr>\n<tr class=\"row-37\">\n\t<td class=\"column-1\">656792<\/td><td class=\"column-2\">VNP - Cepen-Pet \/ Sala alunos<\/td><td class=\"column-3\">Centro de Pesquisa em Nutrologia de C\u00e3es e Gatos - Prof. M\u00e1rcio A. Brunetto<\/td>\n<\/tr>\n<tr class=\"row-38\">\n\t<td class=\"column-1\">656790<\/td><td class=\"column-2\">VNP - Cepen-Pet \/ Sala Lucineia<\/td><td class=\"column-3\">Centro de Pesquisa em Nutrologia de C\u00e3es e Gatos - Lucineia Mestieri<\/td>\n<\/tr>\n<tr class=\"row-39\">\n\t<td class=\"column-1\">656791<\/td><td class=\"column-2\">VNP - Cepen-Pet \/ Sala Prof. Marcio<\/td><td class=\"column-3\">Centro de Pesquisa em Nutrologia de C\u00e3es e Gatos - Prof. M\u00e1rcio A. Brunetto<\/td>\n<\/tr>\n<tr class=\"row-40\">\n\t<td class=\"column-1\">656794<\/td><td class=\"column-2\">VNP - Cepen-Pet \/ Sala Prof. Thiago<\/td><td class=\"column-3\">Centro de Pesquisa em Nutrologia de C\u00e3es e Gatos - Prof. Thiago Henrique Annibale Vendramini<\/td>\n<\/tr>\n<tr class=\"row-41\">\n\t<td class=\"column-1\">654294<\/td><td class=\"column-2\">VNP - Copa<\/td><td class=\"column-3\">Departamento de Nutri\u00e7\u00e3o e Produ\u00e7\u00e3o Animal - Copa - L\u00facia de F\u00e1tima R. Maganha<\/td>\n<\/tr>\n<tr class=\"row-42\">\n\t<td class=\"column-1\">654291<\/td><td class=\"column-2\">VNP - Lab. Ci\u00eancias da Carne<\/td><td class=\"column-3\">Laborat\u00f3rio de Ciencias da Carne - Profa. Ang\u00e9lica S. Cravo Pereira<\/td>\n<\/tr>\n<tr class=\"row-43\">\n\t<td class=\"column-1\">654238<\/td><td class=\"column-2\">VNP - Lab. Cromatografia<\/td><td class=\"column-3\">Laborat\u00f3rio de Ciencias da Carne - Profa. Ang\u00e9lica S. Cravo Pereira<\/td>\n<\/tr>\n<tr class=\"row-44\">\n\t<td class=\"column-1\">654292<\/td><td class=\"column-2\">VNP - Lab. Genomica Funcional<\/td><td class=\"column-3\">Laborat\u00f3rio de Genomica Funcional - L\u00edgia Garcia Mesquita<\/td>\n<\/tr>\n<tr class=\"row-45\">\n\t<td class=\"column-1\">654312<\/td><td class=\"column-2\">VNP - Lab. Lignina<\/td><td class=\"column-3\">Laborat\u00f3rio de Lignina - Pedro Pacheco dos S. Lima<\/td>\n<\/tr>\n<tr class=\"row-46\">\n\t<td class=\"column-1\">654239<\/td><td class=\"column-2\">VNP - Lab. Mult. Bioquimica<\/td><td class=\"column-3\">Laborat\u00f3rio Multiusu\u00e1rio de Nutri\u00e7\u00e3o Animal (Bioqu\u00edmica) - Ana Fl\u00e1via V. Elci \/ Gilson L. A. de Godoy<\/td>\n<\/tr>\n<tr class=\"row-47\">\n\t<td class=\"column-1\">654044<\/td><td class=\"column-2\">VNP - Lab. Mult. Bromatologia<\/td><td class=\"column-3\">Laborat\u00f3rio Multiusu\u00e1rio de Nutri\u00e7\u00e3o Animal (Bromatologia) - Renata Maria C. Conti<\/td>\n<\/tr>\n<tr class=\"row-48\">\n\t<td class=\"column-1\">656728<\/td><td class=\"column-2\">VNP - Lab. Nutricao Monogastricos<\/td><td class=\"column-3\">Laborat\u00f3rio de Nutri\u00e7\u00e3o de Monog\u00e1stricos - Prof. Messias A. da Trindade Neto<\/td>\n<\/tr>\n<tr class=\"row-49\">\n\t<td class=\"column-1\">654227<\/td><td class=\"column-2\">VNP - Lab. Qualileite<\/td><td class=\"column-3\">Laborat\u00f3rio de Qualidade do Leite - Prof. Marcos Veiga dos Santos<\/td>\n<\/tr>\n<tr class=\"row-50\">\n\t<td class=\"column-1\">654163<\/td><td class=\"column-2\">VNP - LAE<\/td><td class=\"column-3\">Laborat\u00f3rio de An\u00e1lises Socioecon\u00f4micas e Ci\u00eancia Animal \/ Sala Alunos - Prof. Augusto H. Gameiro<\/td>\n<\/tr>\n<tr class=\"row-51\">\n\t<td class=\"column-1\">654358<\/td><td class=\"column-2\">VNP - LAE - Anexo<\/td><td class=\"column-3\">Laborat\u00f3rio de An\u00e1lises Socioecon\u00f4micas e Ci\u00eancia Animal \/ Sala Alunos - Prof. Augusto H. Gameiro<\/td>\n<\/tr>\n<tr class=\"row-52\">\n\t<td class=\"column-1\">654357<\/td><td class=\"column-2\">VNP - LNR - Fistulados<\/td><td class=\"column-3\">Laborat\u00f3rio de Nutri\u00e7\u00e3o de Ruminantes - Fl\u00e1vio Perna J\u00fanior<\/td>\n<\/tr>\n<tr class=\"row-53\">\n\t<td class=\"column-1\">654324<\/td><td class=\"column-2\">VNP - LNR - Fistulados-Alunos<\/td><td class=\"column-3\">Laboratorio de Nutri\u00e7\u00e3o de Ruminantes \/ Sala de Alunos - Prof. Paulo Henrique Mazza Rodrigues<\/td>\n<\/tr>\n<tr class=\"row-54\">\n\t<td class=\"column-1\">654120<\/td><td class=\"column-2\">VNP - LNR - Fistulados-Chefia<\/td><td class=\"column-3\">Chefia Laborat\u00f3rio de Nutri\u00e7\u00e3o de Ruminantes \/ Prof. Paulo Henrique Mazza Rodrigues<\/td>\n<\/tr>\n<tr class=\"row-55\">\n\t<td class=\"column-1\">654053<\/td><td class=\"column-2\">VNP - LPA - Avi\u00e1rios - Apoio<\/td><td class=\"column-3\">Lab. de Pesquisa em Aves - Evanildo M. da Silva \/ Antonio Roberto Ap. S. Rom\u00e3o (China)<\/td>\n<\/tr>\n<tr class=\"row-56\">\n\t<td class=\"column-1\">654379<\/td><td class=\"column-2\">VNP - LPA - Avi\u00e1rios - Apoio<\/td><td class=\"column-3\">Lab. de Pesquisa em Aves - Sala de Alunos<\/td>\n<\/tr>\n<tr class=\"row-57\">\n\t<td class=\"column-1\">656710<\/td><td class=\"column-2\">VNP - LPA - Avi\u00e1rios - Prof. Cristiane<\/td><td class=\"column-3\">Lab. de Pesquisa em Aves - Profa. Cristiane Soares da S. Araujo<\/td>\n<\/tr>\n<tr class=\"row-58\">\n\t<td class=\"column-1\">656727<\/td><td class=\"column-2\">VNP - LPA  -Avi\u00e1rios  - Prof. Julio<\/td><td class=\"column-3\">Lab. de Pesquisa em Aves - Prof. Julio Cesar de C. Balieiro<\/td>\n<\/tr>\n<tr class=\"row-59\">\n\t<td class=\"column-1\">654397<\/td><td class=\"column-2\">VNP - LPAFEE - LabEqui<\/td><td class=\"column-3\">Lab. de Pesquisa em Sa\u00fade Digestiva e Desempenho de Equinos - Prof. Alexandre A. de O. Gobesso<\/td>\n<\/tr>\n<tr class=\"row-60\">\n\t<td class=\"column-1\">654319<\/td><td class=\"column-2\">VNP - LPBL - Bioqu\u00edmica e Fisiologia<\/td><td class=\"column-3\">Lab. de Pesquisa em Bovinos de Leite - Prof. Francisco Palma Renn\u00f3<\/td>\n<\/tr>\n<tr class=\"row-61\">\n\t<td class=\"column-1\">656721<\/td><td class=\"column-2\">VNP - LPBL - Sala Alunos P\u00f3s<\/td><td class=\"column-3\">Lab. de Pesquisa em Bovinos de Leite - Prof. Francisco Palma Renn\u00f3<\/td>\n<\/tr>\n<tr class=\"row-62\">\n\t<td class=\"column-1\">654368<\/td><td class=\"column-2\">VNP - LPBL - Secretaria<\/td><td class=\"column-3\">Lab. de Pesquisa em Bovinos de Leite - Prof. Francisco Palma Renn\u00f3<\/td>\n<\/tr>\n<tr class=\"row-63\">\n\t<td class=\"column-1\">656772<\/td><td class=\"column-2\">VNP - LPGC - Confinamento<\/td><td class=\"column-3\">Lab. Pesquisa em Gado de Corte - Confinamento Prof. Ang\u00e9lica Simone Cravo Pereira<\/td>\n<\/tr>\n<tr class=\"row-64\">\n\t<td class=\"column-1\">654396<\/td><td class=\"column-2\">VNP - Gen\u00f4mica Funcional<\/td><td class=\"column-3\">Lab. Pesquisa em Gado de Corte - Confinamento Prof. Ang\u00e9lica Simone Cravo Pereira<\/td>\n<\/tr>\n<tr class=\"row-65\">\n\t<td class=\"column-1\">654241<\/td><td class=\"column-2\">VNP - LPS - Apoio<\/td><td class=\"column-3\">Lab. de Pesquisa em Suinos - F\u00e1bio Daniel Zanquetin<\/td>\n<\/tr>\n<tr class=\"row-66\">\n\t<td class=\"column-1\">654388<\/td><td class=\"column-2\">VNP - LPS - Lab. Coleta<\/td><td class=\"column-3\">Laboratorio de Pesquisa em Suinos \/ Coleta- Prof. C\u00e9sar A. Pospissil Garbossa<\/td>\n<\/tr>\n<tr class=\"row-67\">\n\t<td class=\"column-1\">654381<\/td><td class=\"column-2\">VNP - LPS - Sala alunos<\/td><td class=\"column-3\">Laboratorio de Pesquisa em Suinos \/ Entrada - Alunos<\/td>\n<\/tr>\n<tr class=\"row-68\">\n\t<td class=\"column-1\">654056<\/td><td class=\"column-2\">VNP - PER19 Casa Alunos Pos Grad<\/td><td class=\"column-3\">Departamento de Nutri\u00e7\u00e3o e Produ\u00e7\u00e3o Animal - Casa Alunos P\u00f3s grad.<\/td>\n<\/tr>\n<tr class=\"row-69\">\n\t<td class=\"column-1\">654224<\/td><td class=\"column-2\">VNP - Prof. Augusto Gameiro<\/td><td class=\"column-3\">Departamento de Nutri\u00e7\u00e3o e Produ\u00e7\u00e3o Animal - Prof. Augusto Hauber Gameiro<\/td>\n<\/tr>\n<tr class=\"row-70\">\n\t<td class=\"column-1\">654223<\/td><td class=\"column-2\">VNP - Prof. Cesar<\/td><td class=\"column-3\">Departamento de Nutri\u00e7\u00e3o e Produ\u00e7\u00e3o Animal - Prof. Cesar\u00a0A. Pospissil Garbossa<\/td>\n<\/tr>\n<tr class=\"row-71\">\n\t<td class=\"column-1\">654222<\/td><td class=\"column-2\">VNP - Prof. Gobesso<\/td><td class=\"column-3\">Departamento de Nutri\u00e7\u00e3o e Produ\u00e7\u00e3o Animal - Prof. Alexandre A. de O. Gobesso<\/td>\n<\/tr>\n<tr class=\"row-72\">\n\t<td class=\"column-1\">654265<\/td><td class=\"column-2\">VNP - Prof. Julio<\/td><td class=\"column-3\">Departamento de Nutri\u00e7\u00e3o e Produ\u00e7\u00e3o Animal - Prof. J\u00falio Cesar de C. Balieiro<\/td>\n<\/tr>\n<tr class=\"row-73\">\n\t<td class=\"column-1\">654240<\/td><td class=\"column-2\">VNP - Prof. Marcos Veiga<\/td><td class=\"column-3\">Departamento de Nutri\u00e7\u00e3o e Produ\u00e7\u00e3o Animal - Prof. Marcos Veiga dos Santos<\/td>\n<\/tr>\n<tr class=\"row-74\">\n\t<td class=\"column-1\">654226<\/td><td class=\"column-2\">VNP - Prof. Marcio<\/td><td class=\"column-3\">Departamento de Nutri\u00e7\u00e3o e Produ\u00e7\u00e3o Animal - Prof. M\u00e1rcio Ant\u00f4nio Brunetto<\/td>\n<\/tr>\n<tr class=\"row-75\">\n\t<td class=\"column-1\">654228<\/td><td class=\"column-2\">VNP - Prof. Messias<\/td><td class=\"column-3\">Departamento de Nutri\u00e7\u00e3o e Produ\u00e7\u00e3o Animal - Prof. Messias A. da Trindade Neto<\/td>\n<\/tr>\n<tr class=\"row-76\">\n\t<td class=\"column-1\">654229<\/td><td class=\"column-2\">VNP - Prof. Paulo Mazza<\/td><td class=\"column-3\">Departamento de Nutri\u00e7\u00e3o e Produ\u00e7\u00e3o Animal - Prof. Paulo Henrique Mazza Rodrigues<\/td>\n<\/tr>\n<tr class=\"row-77\">\n\t<td class=\"column-1\">654248<\/td><td class=\"column-2\">VNP -Prof. Renn\u00f3<\/td><td class=\"column-3\">Departamento de Nutri\u00e7\u00e3o e Produ\u00e7\u00e3o Animal - Prof. Francisco Palma Renn\u00f3<\/td>\n<\/tr>\n<tr class=\"row-78\">\n\t<td class=\"column-1\">654230<\/td><td class=\"column-2\">VNP - Prof. Ricardo<\/td><td class=\"column-3\">Departamento de Nutri\u00e7\u00e3o e Produ\u00e7\u00e3o Animal - Prof. Ricardo Vieira Ventura<\/td>\n<\/tr>\n<tr class=\"row-79\">\n\t<td class=\"column-1\">654253<\/td><td class=\"column-2\">VNP - Prof. Ricardo<\/td><td class=\"column-3\">Lab. de Pesquisa em Bioinformatica - Prof. Ricardo Vieira Ventura (V\u00eddeofone)<\/td>\n<\/tr>\n<tr class=\"row-80\">\n\t<td class=\"column-1\">654231<\/td><td class=\"column-2\">VNP - Prof. Romualdo<\/td><td class=\"column-3\">Departamento de Nutri\u00e7\u00e3o e Produ\u00e7\u00e3o Animal - Prof. Romualdo S. Fukushima<\/td>\n<\/tr>\n<tr class=\"row-81\">\n\t<td class=\"column-1\">656738<\/td><td class=\"column-2\">VNP - Prof. Visitante<\/td><td class=\"column-3\">Departamento de Nutri\u00e7\u00e3o e Produ\u00e7\u00e3o Animal - Prof. Visitante<\/td>\n<\/tr>\n<tr class=\"row-82\">\n\t<td class=\"column-1\">654001<\/td><td class=\"column-2\">VNP - Prof. Visitante<\/td><td class=\"column-3\">Departamento de Nutri\u00e7\u00e3o e Produ\u00e7\u00e3o Animal - Prof. Visitante<\/td>\n<\/tr>\n<tr class=\"row-83\">\n\t<td class=\"column-1\">654225<\/td><td class=\"column-2\">VNP - Profa. Ang\u00e9lica<\/td><td class=\"column-3\">Departamento de Nutri\u00e7\u00e3o e Produ\u00e7\u00e3o Animal - Profa. Ang\u00e9lica S. Cravo Pereira<\/td>\n<\/tr>\n<tr class=\"row-84\">\n\t<td class=\"column-1\">654237<\/td><td class=\"column-2\">VNP - Sala Alunos P\u00f3s Gradua\u00e7\u00e3o<\/td><td class=\"column-3\">Departamento de Nutri\u00e7\u00e3o e Produ\u00e7\u00e3o Animal - Sala de Alunos da P\u00f3s Gradua\u00e7\u00e3o<\/td>\n<\/tr>\n<tr class=\"row-85\">\n\t<td class=\"column-1\">654260<\/td><td class=\"column-2\">VNP - Secretaria Lab. Qualileite<\/td><td class=\"column-3\">Departamento de Nutri\u00e7\u00e3o e Produ\u00e7\u00e3o Animal - Laborat\u00f3rio de Qualidade do Leite - Alunos<\/td>\n<\/tr>\n<tr class=\"row-86\">\n\t<td class=\"column-1\">654295<\/td><td class=\"column-2\">VNP - Secretaria<\/td><td class=\"column-3\">Departamento de Nutri\u00e7\u00e3o e Produ\u00e7\u00e3o Animal - Alessandra de C. Terassi da Silva<\/td>\n<\/tr>\n<tr class=\"row-87\">\n\t<td class=\"column-1\">654041<\/td><td class=\"column-2\">VNP - Secretaria P\u00f3s-gradua\u00e7\u00e3o<\/td><td class=\"column-3\">Departamento de Nutri\u00e7\u00e3o e Produ\u00e7\u00e3o Animal - Jo\u00e3o Paulo de O. Barros<\/td>\n<\/tr>\n<tr class=\"row-88\">\n\t<td class=\"column-1\">654300<\/td><td class=\"column-2\">VNP - Secretaria - Chefia<\/td><td class=\"column-3\">Departamento de Nutri\u00e7\u00e3o e Produ\u00e7\u00e3o Animal - F\u00e1bia Silene Iaderoza<\/td>\n<\/tr>\n<tr class=\"row-89\">\n\t<td class=\"column-1\">654081<\/td><td class=\"column-2\">VNP - Xerox<\/td><td class=\"column-3\">Departamento de Nutri\u00e7\u00e3o e Produ\u00e7\u00e3o Animal - Xerox - Maria de Lourdes Vansan Vick<\/td>\n<\/tr>\n<tr class=\"row-90\">\n\t<td class=\"column-1\">656797<\/td><td class=\"column-2\">VPS - PURAA<\/td><td class=\"column-3\">Dep. de Medicina Preventiva e Sa\u00fade Animal - PURAA - Prof. Adroaldo Jos\u00e9 Zanella<\/td>\n<\/tr>\n<tr class=\"row-91\">\n\t<td class=\"column-1\">656762<\/td><td class=\"column-2\">VPS - Sala Alunos<\/td><td class=\"column-3\">Dep. de Medicina Preventiva e Sa\u00fade Animal - Prof. Adroaldo Jos\u00e9 Zanella<\/td>\n<\/tr>\n<tr class=\"row-92\">\n\t<td class=\"column-1\">654091<\/td><td class=\"column-2\">VPS - Sala Prof. Adroaldo<\/td><td class=\"column-3\">Dep. de Medicina Preventiva e Sa\u00fade Animal - Prof. Adroaldo Jos\u00e9 Zanella<\/td>\n<\/tr>\n<tr class=\"row-93\">\n\t<td class=\"column-1\">654296<\/td><td class=\"column-2\">VPS - Sala Prof. Rodrigo<\/td><td class=\"column-3\">Dep. de Medicina Preventiva e Sa\u00fade Animal - Prof. Rodrigo Martins Soares<\/td>\n<\/tr>\n<tr class=\"row-94\">\n\t<td class=\"column-1\">654298<\/td><td class=\"column-2\">VPS - Secretaria<\/td><td class=\"column-3\">Dep. de Medicina Preventiva e Sa\u00fade Animal - Jo\u00e3o Augusto Metzner<\/td>\n<\/tr>\n<tr class=\"row-95\">\n\t<td class=\"column-1\">654297<\/td><td class=\"column-2\">VPS - Servi\u00e7os Diversos<\/td><td class=\"column-3\">Dep. de Medicina Preventiva e Sa\u00fade Animal - Jos\u00e9 Roberto Devitto<\/td>\n<\/tr>\n<tr class=\"row-96\">\n\t<td class=\"column-1\">654034<\/td><td class=\"column-2\">VPT - Ceptox - Atendimento Diversos<\/td><td class=\"column-3\">Centro de Toxicologia Veterin\u00e1ria - Leonila Ester R. Raspantini<\/td>\n<\/tr>\n<tr class=\"row-97\">\n\t<td class=\"column-1\">654077<\/td><td class=\"column-2\">VPT - Ceptox - Casa Alunos Pos Grad<\/td><td class=\"column-3\">Casa Alunos P\u00f3s grad. Ceptox - Paulo Cesar Fabricio Raspantini<\/td>\n<\/tr>\n<tr class=\"row-98\">\n\t<td class=\"column-1\">656730<\/td><td class=\"column-2\">VPT - Ceptox - Lab. Toxicologia<\/td><td class=\"column-3\">Laboratorio de Toxicologia - Leonilda Ester R. Raspantini<\/td>\n<\/tr>\n<tr class=\"row-99\">\n\t<td class=\"column-1\">654124<\/td><td class=\"column-2\">VPT - Ceptox - Secretaria<\/td><td class=\"column-3\">Centro de Toxicologia Veterin\u00e1ria - Paulo C\u00e9sar Fabr\u00edcio Raspantini<\/td>\n<\/tr>\n<\/tbody>\n<\/table>\n<!-- #tablepress-3 from cache -->\n","protected":false},"excerpt":{"rendered":"<p>Rela\u00e7\u00e3o de ramais da FMVZ:<\/p>\n","protected":false},"author":1,"featured_media":0,"parent":142,"menu_order":0,"comment_status":"closed","ping_status":"closed","template":"full-width-page.php","meta":{"footnotes":"","_links_to":"","_links_to_target":""},"class_list":["post-405","page","type-page","status-publish","hentry"],"_links":{"self":[{"href":"https:\/\/www.puspfc.usp.br\/index.php\/wp-json\/wp\/v2\/pages\/405","targetHints":{"allow":["GET"]}}],"collection":[{"href":"https:\/\/www.puspfc.usp.br\/index.php\/wp-json\/wp\/v2\/pages"}],"about":[{"href":"https:\/\/www.puspfc.usp.br\/index.php\/wp-json\/wp\/v2\/types\/page"}],"author":[{"embeddable":true,"href":"https:\/\/www.puspfc.usp.br\/index.php\/wp-json\/wp\/v2\/users\/1"}],"replies":[{"embeddable":true,"href":"https:\/\/www.puspfc.usp.br\/index.php\/wp-json\/wp\/v2\/comments?post=405"}],"version-history":[{"count":0,"href":"https:\/\/www.puspfc.usp.br\/index.php\/wp-json\/wp\/v2\/pages\/405\/revisions"}],"up":[{"embeddable":true,"href":"https:\/\/www.puspfc.usp.br\/index.php\/wp-json\/wp\/v2\/pages\/142"}],"wp:attachment":[{"href":"https:\/\/www.puspfc.usp.br\/index.php\/wp-json\/wp\/v2\/media?parent=405"}],"curies":[{"name":"wp","href":"https:\/\/api.w.org\/{rel}","templated":true}]}}