{"id":4755,"date":"2026-04-28T16:46:46","date_gmt":"2026-04-28T19:46:46","guid":{"rendered":"https:\/\/www.puspfc.usp.br\/?page_id=4755"},"modified":"2026-04-28T16:46:47","modified_gmt":"2026-04-28T19:46:47","slug":"cipa","status":"publish","type":"page","link":"https:\/\/www.puspfc.usp.br\/index.php\/cipa\/","title":{"rendered":"CIPA"},"content":{"rendered":"\n<p><strong>CIPA GEST\u00c3O 2026\/2027<\/strong><\/p>\n\n\n\n<p><strong>TITULARES:<\/strong><\/p>\n\n\n\n<p>Alan Jaime Vivan Saldia \u00a0\u2013 Presidente<br>F\u00e1bio Rodrigo Guiguer &#8211; Vice-Presidente<br>Andreza Aline de Mattos<br>Jos\u00e9 Paulo Senhorine<br>Let\u00edcia Tavares Petrocchi Manoel<br>Silvia Elaine Trepador M\u00e1ximo<br><\/p>\n\n\n\n<p><strong>SUPLENTES:<\/strong><\/p>\n\n\n\n<p>Adriano Bontempelli Moreira<br>Anderson Antonio Dutra<br>Israel Andrietta<br>Renato Corr\u00eaa Pimazzoni<\/p>\n","protected":false},"excerpt":{"rendered":"<p>CIPA GEST\u00c3O 2026\/2027 TITULARES: Alan Jaime Vivan Saldia \u00a0\u2013 PresidenteF\u00e1bio Rodrigo Guiguer &#8211; Vice-PresidenteAndreza Aline de MattosJos\u00e9 Paulo SenhorineLet\u00edcia Tavares Petrocchi ManoelSilvia Elaine Trepador M\u00e1ximo SUPLENTES: Adriano Bontempelli MoreiraAnderson Antonio DutraIsrael AndriettaRenato Corr\u00eaa Pimazzoni<\/p>\n","protected":false},"author":1,"featured_media":0,"parent":0,"menu_order":0,"comment_status":"closed","ping_status":"closed","template":"","meta":{"footnotes":"","_links_to":"","_links_to_target":""},"class_list":["post-4755","page","type-page","status-publish","hentry"],"_links":{"self":[{"href":"https:\/\/www.puspfc.usp.br\/index.php\/wp-json\/wp\/v2\/pages\/4755","targetHints":{"allow":["GET"]}}],"collection":[{"href":"https:\/\/www.puspfc.usp.br\/index.php\/wp-json\/wp\/v2\/pages"}],"about":[{"href":"https:\/\/www.puspfc.usp.br\/index.php\/wp-json\/wp\/v2\/types\/page"}],"author":[{"embeddable":true,"href":"https:\/\/www.puspfc.usp.br\/index.php\/wp-json\/wp\/v2\/users\/1"}],"replies":[{"embeddable":true,"href":"https:\/\/www.puspfc.usp.br\/index.php\/wp-json\/wp\/v2\/comments?post=4755"}],"version-history":[{"count":1,"href":"https:\/\/www.puspfc.usp.br\/index.php\/wp-json\/wp\/v2\/pages\/4755\/revisions"}],"predecessor-version":[{"id":4757,"href":"https:\/\/www.puspfc.usp.br\/index.php\/wp-json\/wp\/v2\/pages\/4755\/revisions\/4757"}],"wp:attachment":[{"href":"https:\/\/www.puspfc.usp.br\/index.php\/wp-json\/wp\/v2\/media?parent=4755"}],"curies":[{"name":"wp","href":"https:\/\/api.w.org\/{rel}","templated":true}]}}