{"id":86,"date":"2016-02-02T12:09:40","date_gmt":"2016-02-02T15:09:40","guid":{"rendered":"https:\/\/www.puspfc.usp.br\/?page_id=86"},"modified":"2025-06-02T17:01:07","modified_gmt":"2025-06-02T20:01:07","slug":"transparencia","status":"publish","type":"page","link":"https:\/\/www.puspfc.usp.br\/index.php\/transparencia\/","title":{"rendered":"UBAS"},"content":{"rendered":"<p><img loading=\"lazy\" decoding=\"async\" class=\"size-medium wp-image-1447 aligncenter\" src=\"https:\/\/www.puspfc.usp.br\/wp-content\/uploads\/2018\/07\/ubas01-2-300x208.jpg\" alt=\"\" width=\"300\" height=\"208\" srcset=\"https:\/\/www.puspfc.usp.br\/wp-content\/uploads\/2018\/07\/ubas01-2-300x208.jpg 300w, https:\/\/www.puspfc.usp.br\/wp-content\/uploads\/2018\/07\/ubas01-2.jpg 600w\" sizes=\"auto, (max-width: 300px) 100vw, 300px\" \/><\/p>\n<p style=\"text-align: justify;\"><strong>Assist\u00eancia M\u00e9dica e Odontol\u00f3gica<\/strong><\/p>\n<p><strong>Aten\u00e7\u00e3o<\/strong>:<br \/>\nA assist\u00eancia m\u00e9dica e odontol\u00f3gica disponibilizada pela Universidade de S\u00e3o Paulo, atrav\u00e9s da Superintend\u00eancia de Sa\u00fade, \u00e9 um benef\u00edcio de car\u00e1ter social, destinado a promover a qualidade de vida, e \u00e9 complementar \u00e0 assist\u00eancia m\u00e9dica prestada pelo SUS (Sistema \u00danico de Sa\u00fade).<br \/>\nNo Campus USP \u201cFernando Costa\u201d, em Pirassununga, t\u00eam direito a essa assist\u00eancia os servidores t\u00e9cnico-administrativos, docentes e alunos de Gradua\u00e7\u00e3o e P\u00f3s-Gradua\u00e7\u00e3o, bem como seus respectivos dependentes, vinculados \u00e0s Unidades ou setores presentes no Campus (PUSP-FC, FZEA, FMVZ, CSCRH-FC, UBAS e Procuradoria Geral-FC), mediante agendamento:<\/p>\n<p><strong>&#8211; Atendimento psiqui\u00e1trico e odontol\u00f3gico com hora marcada.<\/strong><br \/>\n<strong>&#8211; Atendimento cl\u00ednico por ordem de chegada, das 07h00 as 10h00 e das 13h00 as 15h00.<\/strong><\/p>\n<p style=\"text-align: justify;\">&#8211; Alunos de Gradua\u00e7\u00e3o, P\u00f3s-Gradua\u00e7\u00e3o e seus respectivos dependentes poder\u00e3o optar por atendimento na Unidade B\u00e1sica de Assist\u00eancia \u00e0 Sa\u00fade (UBAS) do Campus de Pirassununga. Alternativas complementares a este atendimento ser\u00e3o dadas pelo Pronto-Socorro da Santa Casa de Miseric\u00f3rdia de Pirassununga, Postos de Sa\u00fade e pelo Centro de Especialidades M\u00e9dicas de Pirassununga, todos vinculados aos SUS.<br \/>\n&#8211; Servidores t\u00e9cnico-administrativos, docentes e seus respectivos dependentes poder\u00e3o optar por atendimento na Unidade B\u00e1sica de Assist\u00eancia \u00e0 Sa\u00fade (UBAS) do Campus de Pirassununga, nos servi\u00e7os disponibilizados pela Prestadora de Assist\u00eancia M\u00e9dica contratada (S\u00e3o Francisco Sa\u00fade).<\/p>\n<hr \/>\n<p><strong>UNIDADE B\u00c1SICA DE SA\u00daDE (UBAS)<\/strong><\/p>\n<p><strong>SERVI\u00c7O M\u00c9DICO E ODONTOL\u00d3GICO<\/strong><\/p>\n<p><strong>Local<\/strong>: Col\u00f4nia da Assessoria Cultural do Campus USP \u201cFernando Costa\u201d, pr\u00f3ximo ao Centro Esportivo (quadras)<\/p>\n<p><strong>HOR\u00c1RIO DE FUNCIONAMENTO DA UBAS:<\/strong><\/p>\n<p><strong>Recep\u00e7\u00e3o<\/strong>: Das 7h00 as 11h00 e das 13h00 as 16h00.<\/p>\n<p><strong>Atendimento M\u00e9dico: <\/strong>Atendimento psiqui\u00e1trico e odontol\u00f3gico com hor\u00e1rio marcado e a atendimento cl\u00ednico por ordem de chegada, das 07h00 as 10h00 e das 13h00 as 15h00 (conforme disponibilidade m\u00e9dica).<\/p>\n<p><strong>Emerg\u00eancias<\/strong>: Diretamente no Pronto-Socorro da Santa Casa de Miseric\u00f3rdia de Pirassununga.<\/p>\n<p>Agendamentos podem ser feitos via e-mail, telefone ou presencialmente.<\/p>\n<p>Telefones: (19) 3565 4015\/ 3565 6719\/ 3565 4250<\/p>\n<p>E mail:\u00a0<a href=\"mailto:ubaspira@usp.br\">ubaspira@usp.br<\/a><\/p>\n<p><strong>Dentista: <\/strong>\u00a0(19) 3565 4046<\/p>\n<p style=\"text-align: justify;\">\u00c9 necess\u00e1rio marcar hor\u00e1rio para consultas de rotina e retorno, resultado de exames, atestados m\u00e9dicos para concurso ou bolsas, troca de atestados, retorno de exames peri\u00f3dicos.<\/p>\n<p style=\"text-align: justify;\">Os agendamentos podem ser feitos pessoalmente ou pelo telefone 3565-4015. Em caso de falta, avisar com anteced\u00eancia.<\/p>\n<p style=\"text-align: justify;\">N\u00e3o cadastrados: Estudantes de gradua\u00e7\u00e3o e p\u00f3s-gradua\u00e7\u00e3o, servidores docentes e n\u00e3o-docentes de outras Unidades da USP e alunos especiais ser\u00e3o atendidos em casos de emerg\u00eancia e encaminhados.<\/p>\n<hr \/>\n<p><strong>EQUIPE T\u00c9CNICA<\/strong><\/p>\n<p><u>UBAS: <\/u><\/p>\n<p>Dra. Angela de Campos Neves Queiroz &#8211; Cl\u00ednica geral e Respons\u00e1vel T\u00e9cnica<\/p>\n<p>Dr. Jeferson Lu\u00eds Ferreira &#8211; Cl\u00ednico Geral<\/p>\n<p>Dr. Wagner Shigueru Matsuzaki &#8211; Psiquiatra<\/p>\n<p>Dr. Welson Lopes de Souza &#8211; Dentista<\/p>\n<p>Fabiana Monteiro Macatrozzo Froz &#8211; T\u00e9cnica de enfermagem<\/p>\n<p>Geraldo Donizetti Janez &#8211; Enfermeiro<\/p>\n<p><u>SESMT:<\/u><\/p>\n<p>Geraldo Ferigato Filho- T\u00e9cnico de Seguran\u00e7a do Trabalho<br \/>\n<strong>SESMT:\u00a0<\/strong>\u00a0(19) 3565 6706<\/p>\n","protected":false},"excerpt":{"rendered":"<p>Assist\u00eancia M\u00e9dica e Odontol\u00f3gica Aten\u00e7\u00e3o: A assist\u00eancia m\u00e9dica e odontol\u00f3gica disponibilizada pela Universidade de S\u00e3o Paulo, atrav\u00e9s da Superintend\u00eancia de Sa\u00fade, \u00e9 um benef\u00edcio de car\u00e1ter social, destinado a promover a qualidade de vida, e \u00e9 complementar \u00e0 assist\u00eancia m\u00e9dica prestada pelo SUS (Sistema \u00danico de Sa\u00fade). No Campus USP&#46;&#46;&#46;<\/p>\n","protected":false},"author":1,"featured_media":0,"parent":0,"menu_order":10,"comment_status":"closed","ping_status":"closed","template":"","meta":{"footnotes":"","_links_to":"","_links_to_target":""},"class_list":["post-86","page","type-page","status-publish","hentry"],"_links":{"self":[{"href":"https:\/\/www.puspfc.usp.br\/index.php\/wp-json\/wp\/v2\/pages\/86","targetHints":{"allow":["GET"]}}],"collection":[{"href":"https:\/\/www.puspfc.usp.br\/index.php\/wp-json\/wp\/v2\/pages"}],"about":[{"href":"https:\/\/www.puspfc.usp.br\/index.php\/wp-json\/wp\/v2\/types\/page"}],"author":[{"embeddable":true,"href":"https:\/\/www.puspfc.usp.br\/index.php\/wp-json\/wp\/v2\/users\/1"}],"replies":[{"embeddable":true,"href":"https:\/\/www.puspfc.usp.br\/index.php\/wp-json\/wp\/v2\/comments?post=86"}],"version-history":[{"count":8,"href":"https:\/\/www.puspfc.usp.br\/index.php\/wp-json\/wp\/v2\/pages\/86\/revisions"}],"predecessor-version":[{"id":4414,"href":"https:\/\/www.puspfc.usp.br\/index.php\/wp-json\/wp\/v2\/pages\/86\/revisions\/4414"}],"wp:attachment":[{"href":"https:\/\/www.puspfc.usp.br\/index.php\/wp-json\/wp\/v2\/media?parent=86"}],"curies":[{"name":"wp","href":"https:\/\/api.w.org\/{rel}","templated":true}]}}