{"id":89,"date":"2016-02-01T23:00:18","date_gmt":"2016-02-01T23:00:18","guid":{"rendered":"https:\/\/www.puspfc.usp.br\/?page_id=89"},"modified":"2026-03-12T16:03:27","modified_gmt":"2026-03-12T19:03:27","slug":"formularios","status":"publish","type":"page","link":"https:\/\/www.puspfc.usp.br\/index.php\/servicos\/formularios\/","title":{"rendered":"Formul\u00e1rios, Portarias e Regulamentos"},"content":{"rendered":"\n<p><strong>1. Regimento da Prefeitura:<\/strong><\/p>\n\n\n\n<p><a href=\"https:\/\/www.puspfc.usp.br\/wp-content\/uploads\/2024\/03\/Resolucao.pdf\" data-type=\"link\" data-id=\"https:\/\/www.puspfc.usp.br\/wp-content\/uploads\/2024\/03\/Resolucao.pdf\" target=\"_blank\" rel=\"noreferrer noopener\">Regimento da Prefeitura &#8211;  Resolu\u00e7\u00e3o 8583 de 28\/02\/2024 &#8211; DOE de 29\/02\/2024<\/a><\/p>\n\n\n\n<hr class=\"wp-block-separator has-alpha-channel-opacity\"\/>\n\n\n\n<p><strong>2. Portarias GP:<\/strong><\/p>\n\n\n\n<p><a href=\"https:\/\/www.puspfc.usp.br\/wp-content\/uploads\/2025\/11\/PORTARIA-GP-024-25-Regulamenta-uso-de-ciclomotores-no-Campus.pdf\" data-type=\"link\" data-id=\"https:\/\/www.puspfc.usp.br\/wp-content\/uploads\/2025\/11\/PORTARIA-GP-024-25-Regulamenta-uso-de-ciclomotores-no-Campus.pdf\">GP N\u00ba 01\/26 &#8211; Gest\u00e3o CIPA<\/a><br><a href=\"https:\/\/www.puspfc.usp.br\/wp-content\/uploads\/2025\/11\/PORTARIA-GP-024-25-Regulamenta-uso-de-ciclomotores-no-Campus.pdf\" data-type=\"link\" data-id=\"https:\/\/www.puspfc.usp.br\/wp-content\/uploads\/2025\/11\/PORTARIA-GP-024-25-Regulamenta-uso-de-ciclomotores-no-Campus.pdf\"><br>GP N\u00ba 24\/25 &#8211; Uso<\/a><a href=\"https:\/\/www.puspfc.usp.br\/wp-content\/uploads\/2025\/11\/PORTARIA-GP-024-25-Regulamenta-uso-de-ciclomotores-no-Campus.pdf\" data-type=\"link\" data-id=\"https:\/\/www.puspfc.usp.br\/wp-content\/uploads\/2025\/11\/PORTARIA-GP-024-25-Regulamenta-uso-de-ciclomotores-no-Campus.pdf\" target=\"_blank\" rel=\"noreferrer noopener\"> de Ciclomotores<\/a><br><br><a href=\"https:\/\/www.puspfc.usp.br\/wp-content\/uploads\/2025\/11\/PORTARIA-GP-022-25-Uso-dos-espacos-da-PUSP-FC-para-eventos.pdf\" target=\"_blank\" rel=\"noreferrer noopener\">GP N\u00ba 22\/25 &#8211; Uso dos espa\u00e7os da PUSP-FC para Eventos<\/a><br><a href=\"https:\/\/www.puspfc.usp.br\/wp-content\/uploads\/2025\/11\/Portaria-GP-20-25-Valores-mao-de-obra.pdf\"><br><\/a><a href=\"https:\/\/www.puspfc.usp.br\/wp-content\/uploads\/2025\/11\/Portaria-GP-20-25-Valores-mao-de-obra.pdf\" data-type=\"link\" data-id=\"https:\/\/www.puspfc.usp.br\/wp-content\/uploads\/2025\/11\/Portaria-GP-20-25-Valores-mao-de-obra.pdf\">GP N\u00ba 20\/25 &#8211; Atualiza Valores de M\u00e3o-de Obra <\/a><br><br><a href=\"https:\/\/www.puspfc.usp.br\/wp-content\/uploads\/2025\/11\/Portaria-GP-21-25-Horas-maquinas.pdf\" data-type=\"link\" data-id=\"https:\/\/www.puspfc.usp.br\/wp-content\/uploads\/2025\/11\/Portaria-GP-21-25-Horas-maquinas.pdf\">GP N\u00ba 21\/25 &#8211; <\/a><a href=\"https:\/\/www.puspfc.usp.br\/wp-content\/uploads\/2025\/11\/Portaria-GP-20-25-Valores-mao-de-obra.pdf\" data-type=\"link\" data-id=\"https:\/\/www.puspfc.usp.br\/wp-content\/uploads\/2025\/11\/Portaria-GP-20-25-Valores-mao-de-obra.pdf\">Atualiz<\/a>a Valores Horas M\u00e1quinas<br><br><a href=\"https:\/\/www.puspfc.usp.br\/wp-content\/uploads\/2025\/10\/Portaria_GP_19-25-Animais.pdf\" data-type=\"link\" data-id=\"https:\/\/www.puspfc.usp.br\/wp-content\/uploads\/2025\/10\/Portaria_GP_19-25-Animais.pdf\">GP N\u00ba 19\/25 &#8211; Animais Errantes &#8211; Cuidados (coleira, guia curta, focinheira, etc)<\/a><br><br><a href=\"https:\/\/www.puspfc.usp.br\/wp-content\/uploads\/2025\/06\/PORTARIA-GP-12-25-uso-de-coleiras-e-guias-caes.pdf\" target=\"_blank\" rel=\"noreferrer noopener\">GP N\u00ba 12\/25 &#8211; Uso de coleiras e guias em c\u00e3es<\/a><a href=\"https:\/\/www.puspfc.usp.br\/wp-content\/uploads\/2025\/10\/Portaria_GP_19-25-Animais.pdf\" data-type=\"link\" data-id=\"https:\/\/www.puspfc.usp.br\/wp-content\/uploads\/2025\/10\/Portaria_GP_19-25-Animais.pdf\"><br><\/a><br><a href=\"https:\/\/www.puspfc.usp.br\/wp-content\/uploads\/2024\/07\/PORTARIA-GP-22-2024-Taxas-alojamentos-e-casa-de-hospedes.pdf\" target=\"_blank\" rel=\"noreferrer noopener\">GP N\u00ba 22\/24 &#8211; Atualiza valores Alojamento e Casas de H\u00f3spedes<\/a><br><br><a href=\"https:\/\/www.puspfc.usp.br\/wp-content\/uploads\/2024\/04\/PORTARIA-GP-008-24-Procedimentos-para-pesca-no-Campus.pdf\" data-type=\"link\" data-id=\"https:\/\/www.puspfc.usp.br\/wp-content\/uploads\/2024\/04\/PORTARIA-GP-008-24-Procedimentos-para-pesca-no-Campus.pdf\" target=\"_blank\" rel=\"noreferrer noopener\">GP N\u00ba 08\/24 &#8211; Procedimentos para Pesca no Campus<\/a><br><br><a href=\"https:\/\/www.puspfc.usp.br\/wp-content\/uploads\/2024\/04\/PORTARIA-GP-005-2024-Uso-indevido-do-Cartao-Alimentacao-no-RU-do-Campus-Fernando-Costa.pdf\" data-type=\"link\" data-id=\"https:\/\/www.puspfc.usp.br\/wp-content\/uploads\/2024\/04\/PORTARIA-GP-005-2024-Uso-indevido-do-Cartao-Alimentacao-no-RU-do-Campus-Fernando-Costa.pdf\" target=\"_blank\" rel=\"noreferrer noopener\">GP N\u00ba 05\/24 &#8211; Uso indevido do Cart\u00e3o Alimenta\u00e7\u00e3o no RU do Campus<\/a><br><br><a href=\"https:\/\/www.puspfc.usp.br\/wp-content\/uploads\/2024\/04\/PORTARIA-GP-041-2022-medidas-educativas-transito.pdf\" data-type=\"link\" data-id=\"https:\/\/www.puspfc.usp.br\/wp-content\/uploads\/2024\/04\/PORTARIA-GP-041-2022-medidas-educativas-transito.pdf\" target=\"_blank\" rel=\"noreferrer noopener\">GP N\u00ba 41\/22 &#8211; Medidas Educativas no Tr\u00e2nsito<\/a><br><br>GP N\u00ba 17\/22 &#8211; Atualiza valores de m\u00e3o de obra (Revogada) &#8211; Vigente: <a href=\"https:\/\/www.puspfc.usp.br\/wp-content\/uploads\/2025\/11\/Portaria-GP-20-25-Valores-mao-de-obra.pdf\">GP N\u00ba 20\/25<\/a><br><br>GP N\u00ba 16\/22 &#8211; Atualiza valores de servi\u00e7os de transporte e m\u00e1quinas agr\u00edcola<a href=\"https:\/\/www.puspfc.usp.br\/wp-content\/uploads\/2022\/05\/portaria-gp-16-2022-maquinas_agricolas.pdf\" target=\"_blank\" rel=\"noopener\">s<\/a> (Revogada) &#8211; Vigente: <a href=\"https:\/\/www.puspfc.usp.br\/wp-content\/uploads\/2025\/11\/Portaria-GP-21-25-Horas-maquinas.pdf\" data-type=\"link\" data-id=\"https:\/\/www.puspfc.usp.br\/wp-content\/uploads\/2025\/11\/Portaria-GP-21-25-Horas-maquinas.pdf\">GP N\u00ba 21\/25<\/a><br><br>GP N\u00ba 25\/19 &#8211; Disciplina valores e taxas do Anfiteatro\u00a0(Revogada) &#8211; Vigente: <a href=\"https:\/\/www.puspfc.usp.br\/wp-content\/uploads\/2025\/11\/PORTARIA-GP-022-25-Uso-dos-espacos-da-PUSP-FC-para-eventos.pdf\">GP N\u00ba 22\/25<\/a><br><br>GP N\u00ba 01\/21 &#8211; Disciplina Valores Alojamento e Casas de Hospedes (Revogada)<br><br><a href=\"https:\/\/www.puspfc.usp.br\/wp-content\/uploads\/2020\/08\/portaria_gp_01-2020_animais_domesticos_PER-1-7.pdf\" target=\"_blank\" rel=\"noreferrer noopener\">GP N\u00b0 01\/20 &#8211; Disp\u00f5e sobre Animais Dom\u00e9sticos em PER<\/a><br><br><a href=\"https:\/\/www.puspfc.usp.br\/wp-content\/uploads\/2018\/10\/portaria_tag_15-18-3.pdf\" data-type=\"link\" data-id=\"https:\/\/www.puspfc.usp.br\/wp-content\/uploads\/2018\/10\/portaria_tag_15-18-3.pdf\" target=\"_blank\" rel=\"noreferrer noopener\">GP N\u00ba 15\/18 &#8211; Disciplina o Acesso Automatizado de Ve\u00edculos na Portaria do Campus<\/a><br><br><a href=\"https:\/\/www.puspfc.usp.br\/wp-content\/uploads\/2018\/10\/Portaria-GP14-2018-Uso-de-Coleiras-3.pdf\" target=\"_blank\" rel=\"noreferrer noopener\">GP N\u00ba 14\/18 &#8211; Disciplina a utiliza\u00e7\u00e3o de Coleiras nos Animais no Campus<\/a><br><br><a href=\"https:\/\/www.puspfc.usp.br\/wp-content\/uploads\/2016\/02\/PORTARIA-GP-42-17-Demarcacao-e-sinalizacao-de-solo-para-eventos-1-2.pdf\" data-type=\"link\" data-id=\"https:\/\/www.puspfc.usp.br\/wp-content\/uploads\/2016\/02\/PORTARIA-GP-42-17-Demarcacao-e-sinalizacao-de-solo-para-eventos-1-2.pdf\" target=\"_blank\" rel=\"noreferrer noopener\">GP N\u00ba 42\/17\u00a0 &#8211; Disciplina a demarca\u00e7\u00e3o e sinaliza\u00e7\u00e3o de solo para eventos<\/a><br><br><a href=\"https:\/\/puspfc.usp.br\/wp-content\/uploads\/2016\/02\/Portaria-GP-34-17-1.pdf\" data-type=\"link\" data-id=\"https:\/\/puspfc.usp.br\/wp-content\/uploads\/2016\/02\/Portaria-GP-34-17-1.pdf\" target=\"_blank\" rel=\"noreferrer noopener\">GP N\u00ba 34\/17 &#8211; Disciplina a conex\u00e3o da estrutura de telecomunica\u00e7\u00f5es nos Pr\u00e9dios<\/a><br><br><a href=\"https:\/\/www.puspfc.usp.br\/wp-content\/uploads\/2016\/02\/Portaria-GP-33-17-1.pdf\" data-type=\"link\" data-id=\"https:\/\/www.puspfc.usp.br\/wp-content\/uploads\/2016\/02\/Portaria-GP-33-17-1.pdf\" target=\"_blank\" rel=\"noreferrer noopener\">GP N\u00ba 33\/17 &#8211; Disciplina a utiliza\u00e7\u00e3o de sistemas de monitoramento de c\u00e2meras de CFTV e centrais de alarme no Campus<\/a><br><br><a href=\"https:\/\/www.puspfc.usp.br\/wp-content\/uploads\/2016\/02\/Portaria-GP-32-17-1.pdf\" data-type=\"link\" data-id=\"https:\/\/www.puspfc.usp.br\/wp-content\/uploads\/2016\/02\/Portaria-GP-32-17-1.pdf\" target=\"_blank\" rel=\"noreferrer noopener\">GP N\u00ba 32\/17 &#8211; Disciplina a utiliza\u00e7\u00e3o dos Recursos de Telefonia no Campus<\/a><br><br><a href=\"https:\/\/www.puspfc.usp.br\/wp-content\/uploads\/2016\/02\/PORTARIA-GP-29-17-Uso-de-aeromodelos-e-veiculos-aereos-nao-tripulados-1-1.pdf\" data-type=\"link\" data-id=\"https:\/\/www.puspfc.usp.br\/wp-content\/uploads\/2016\/02\/PORTARIA-GP-29-17-Uso-de-aeromodelos-e-veiculos-aereos-nao-tripulados-1-1.pdf\" target=\"_blank\" rel=\"noreferrer noopener\">GP N\u00ba 29\/17 &#8211; Disciplina o Uso de aeromodelo e demais ve\u00edculos a\u00e9reos n\u00e3o tripulados no Campus<\/a><br><br><a href=\"https:\/\/www.puspfc.usp.br\/wp-content\/uploads\/2016\/02\/Formulario-autorizacao-drone-1.doc\" data-type=\"link\" data-id=\"https:\/\/www.puspfc.usp.br\/wp-content\/uploads\/2016\/02\/Formulario-autorizacao-drone-1.doc\" target=\"_blank\" rel=\"noreferrer noopener\">Formul\u00e1rio &#8211; Autoriza\u00e7\u00e3o de utiliza\u00e7\u00e3o de drone no Campus<\/a><br><br><a href=\"https:\/\/www.puspfc.usp.br\/wp-content\/uploads\/2016\/02\/portaria_gp_01_17-_cnh-1.pdf\" data-type=\"link\" data-id=\"https:\/\/www.puspfc.usp.br\/wp-content\/uploads\/2016\/02\/portaria_gp_01_17-_cnh-1.pdf\" target=\"_blank\" rel=\"noreferrer noopener\">GP N\u00ba 01\/17 &#8211; Obrigatoriedade de Apresenta\u00e7\u00e3o de CNH para acesso com ve\u00edculos motorizados ao Campus<\/a><br><br><a href=\"https:\/\/www.puspfc.usp.br\/wp-content\/uploads\/2016\/03\/portaria_gp_06_proibicao_bebidas-1.pdf\" data-type=\"link\" data-id=\"https:\/\/www.puspfc.usp.br\/wp-content\/uploads\/2016\/03\/portaria_gp_06_proibicao_bebidas-1.pdf\" target=\"_blank\" rel=\"noreferrer noopener\">GP N\u00ba 06\/16 &#8211; Proibi\u00e7\u00e3o de compra, venda, fornecimento e consumo de bebidas alco\u00f3licas no Campus<\/a><br><\/p>\n\n\n\n<hr class=\"wp-block-separator has-alpha-channel-opacity\"\/>\n\n\n\n<p><strong>3. Regulamentos:<\/strong><\/p>\n\n\n\n<p><strong>3.1 Eventos Festivos<\/strong><\/p>\n\n\n\n<p><a href=\"https:\/\/www.puspfc.usp.br\/wp-content\/uploads\/2016\/02\/regulamento_festas_aprovado_pelo_conselho_gestor_fc_reitoria-1.pdf\" target=\"_blank\" rel=\"noopener noreferrer\">Regulamento sobre a realiza\u00e7\u00e3o de eventos de car\u00e1ter festivo no Campus USP &#8220;Fernando Costa&#8221;<\/a><\/p>\n\n\n\n<ul class=\"wp-block-list\">\n<li><a href=\"https:\/\/www.puspfc.usp.br\/wp-content\/uploads\/2016\/02\/anexo_1_termo_responsabilidade_pessoa_juridica-1.doc\" target=\"_blank\" rel=\"noreferrer noopener\">Anexo 1 &#8211; Termo de Responsabilidade de Pessoa&nbsp;Jur\u00eddica<\/a><\/li>\n\n\n\n<li><a href=\"https:\/\/www.puspfc.usp.br\/wp-content\/uploads\/2016\/02\/anexo_2_termo_responsabilidade_pessoa_fisica-1.doc\" target=\"_blank\" rel=\"noreferrer noopener\">Anexo 2 &#8211; Termo de Responsabilidade de Pessoa F\u00edsica<\/a><\/li>\n\n\n\n<li><a href=\"https:\/\/www.puspfc.usp.br\/wp-content\/uploads\/2016\/02\/Anexo3-requerimento-agosto2017-1.doc\" target=\"_blank\" rel=\"noreferrer noopener\">Anexo 3 &#8211; Requerimento<\/a>&nbsp;(Formul\u00e1rio)<\/li>\n<\/ul>\n\n\n\n<p><strong>3.2 Eventos Esportivos<\/strong><\/p>\n\n\n\n<p><a href=\"https:\/\/www.puspfc.usp.br\/wp-content\/uploads\/2025\/10\/regulameto_esportivo_2025.pdf\" target=\"_blank\" rel=\"noreferrer noopener\">Regulamento Eventos Esportivos<\/a><\/p>\n\n\n\n<ul class=\"wp-block-list\">\n<li><a href=\"https:\/\/www.puspfc.usp.br\/wp-content\/uploads\/2025\/10\/ANEXO-1-esportivos-2025.docx\" data-type=\"link\" data-id=\"https:\/\/www.puspfc.usp.br\/wp-content\/uploads\/2025\/10\/ANEXO-1-esportivos-2025.docx\" target=\"_blank\" rel=\"noreferrer noopener\">Anexo 1 &#8211; Termo de Responsabilidade para Pessoa Jur\u00eddica<\/a><\/li>\n\n\n\n<li><a href=\"https:\/\/www.puspfc.usp.br\/wp-content\/uploads\/2025\/10\/ANEXO-2-esportivos-2025.docx\" data-type=\"link\" data-id=\"https:\/\/www.puspfc.usp.br\/wp-content\/uploads\/2025\/10\/ANEXO-2-esportivos-2025.docx\" target=\"_blank\" rel=\"noreferrer noopener\">Anexo 2 &#8211; Termo de Responsabilidade para Pessoa F\u00edsica<\/a> <\/li>\n\n\n\n<li><a href=\"https:\/\/www.puspfc.usp.br\/wp-content\/uploads\/2025\/10\/ANEXO-3-esportivos-2025.docx\" data-type=\"link\" data-id=\"https:\/\/www.puspfc.usp.br\/wp-content\/uploads\/2025\/10\/ANEXO-3-esportivos-2025.docx\" target=\"_blank\" rel=\"noreferrer noopener\">Anexo 3 &#8211; Requerimento para Realiza\u00e7\u00e3o de Eventos <\/a><\/li>\n<\/ul>\n\n\n\n<p><\/p>\n\n\n\n<p><strong>3.3 Moradia Estudantil<\/strong><\/p>\n\n\n\n<p><a href=\"https:\/\/www.puspfc.usp.br\/wp-content\/uploads\/2020\/11\/regulamento_alojamento-2020-6.pdf\" target=\"_blank\" rel=\"noreferrer noopener\">Regulamento Alojamento Estudantil &#8211; Atualizado Novembro\/2020<\/a><\/p>\n\n\n\n<p><a href=\"https:\/\/www.puspfc.usp.br\/wp-content\/uploads\/2020\/11\/regulamento_moradia_nov_2020-5.pdf\" target=\"_blank\" rel=\"noreferrer noopener\">Regulamento Moradia Estudantil &#8211; Atualizando Novembro\/2020<\/a><\/p>\n\n\n\n<p><a href=\"https:\/\/www.puspfc.usp.br\/wp-content\/uploads\/2020\/11\/Comunicado_Moradia_Set20-2.pdf\" target=\"_blank\" rel=\"noreferrer noopener\">Comunicado Moradia &#8211; Setembro\/2020<\/a><\/p>\n\n\n\n<p><a href=\"https:\/\/www.puspfc.usp.br\/outraspaginas\/portaria_gs06-17.pdf\" data-type=\"link\" data-id=\"https:\/\/www.puspfc.usp.br\/outraspaginas\/portaria_gs06-17.pdf\" target=\"_blank\" rel=\"noreferrer noopener\">GS-06 de 20\/02\/2017 &#8211; Portaria do Apoio Alimenta\u00e7\u00e3o &#8211; Portaria <\/a><\/p>\n\n\n\n<hr class=\"wp-block-separator has-alpha-channel-opacity\"\/>\n\n\n\n<p><strong>4. Formul\u00e1rios Diversos <\/strong><\/p>\n\n\n\n<p><strong>4.1. Recursos Humanos<\/strong><\/p>\n\n\n\n<p><a href=\"https:\/\/www.puspfc.usp.br\/wp-content\/uploads\/2021\/03\/apontamento_de_horas-extras-4.xls\" target=\"_blank\" rel=\"noreferrer noopener\">CCRH &#8211; Planilha de apontamento de Horas Extras (.xls)<\/a><\/p>\n\n\n\n<p><a href=\"https:\/\/www.puspfc.usp.br\/wp-content\/uploads\/2020\/03\/ccrh_substituicao_chefia-3.docx\" target=\"_blank\" rel=\"noreferrer noopener\">CCRH &#8211; Of\u00edcio de Pedido de Substitui\u00e7\u00e3o de Chefia<\/a><\/p>\n\n\n\n<p>Obs. A Unidade\/\u00d3rg\u00e3o deve encaminhar at\u00e9 o dia 15 do m\u00eas corrente a informa\u00e7\u00e3o das substitui\u00e7\u00f5es que ocorrer\u00e3o no m\u00eas subsequente, a fim de que sejam efetivamente cadastradas at\u00e9 o in\u00edcio do impedimento do titular.<\/p>\n\n\n\n<hr class=\"wp-block-separator has-alpha-channel-opacity\"\/>\n\n\n\n<p><strong>4.2 Divis\u00e3o Administrativa &#8211; DVADM<\/strong><\/p>\n\n\n\n<p><a href=\"https:\/\/www.puspfc.usp.br\/formularios\/dvadm_solicitacao_treinamento.doc\" target=\"_blank\" rel=\"noopener\">Solicita\u00e7\u00e3o de Participa\u00e7\u00e3o em Treinamento<\/a><\/p>\n\n\n\n<p><a href=\"https:\/\/www.puspfc.usp.br\/formularios\/dvadm_termo_compromisso_curso.docx\" target=\"_blank\" rel=\"noreferrer noopener\">Termo de Compromisso &#8211; Participa\u00e7\u00e3o em Treinamento<\/a><\/p>\n\n\n\n<p>Termo de Responsabilidade &#8211; Retirada de Patrim\u00f4nio do Campus (Online a partir de 15\/08\/2022) pelo Merc\u00fario WEB:<br>&gt;&gt; Acessar o Merc\u00fario Web, Patrim\u00f4nio&gt;Termos de Permiss\u00e3o de Uso, clicar e<br>\u201cinserir\u201d. <a href=\"https:\/\/www.puspfc.usp.br\/wp-content\/uploads\/2022\/09\/Procedimento-Geracao-de-Termo-de-Saida-1.pdf\" target=\"_blank\" rel=\"noopener\">Instru\u00e7\u00f5es<\/a><\/p>\n\n\n\n<p>&nbsp;<\/p>\n\n\n\n<p><strong>4.3 Divis\u00e3o Administrativa &#8211; Se\u00e7\u00e3o de Expediente<\/strong><\/p>\n\n\n\n<p><a href=\"https:\/\/www.puspfc.usp.br\/wp-content\/uploads\/2019\/02\/Aviso_Recebimento_AR_AVIS_CN07-4.doc\" target=\"_blank\" rel=\"noreferrer noopener\">Correios &#8211; Formul\u00e1rio de Aviso de Recebimento CN07 (AR)<\/a><\/p>\n\n\n\n<p><a href=\"https:\/\/www.puspfc.usp.br\/wp-content\/uploads\/2019\/02\/declaracao_conteudo-3.docx\" data-type=\"link\" data-id=\"https:\/\/www.puspfc.usp.br\/wp-content\/uploads\/2019\/02\/declaracao_conteudo-3.docx\" target=\"_blank\" rel=\"noreferrer noopener\">Correios &#8211; Formul\u00e1rio de Declara\u00e7\u00e3o de Conte\u00fado&nbsp;<\/a><\/p>\n\n\n\n<hr class=\"wp-block-separator has-alpha-channel-opacity\"\/>\n\n\n\n<p><strong>4.4 Divis\u00e3o de Produ\u00e7\u00e3o Agropecu\u00e1ria &#8211; DVAGRO<\/strong><\/p>\n\n\n\n<p><a href=\"https:\/\/www.puspfc.usp.br\/formularios\/dvagro_visita_tecnica.doc\" data-type=\"link\" data-id=\"https:\/\/www.puspfc.usp.br\/formularios\/dvagro_visita_tecnica.doc\" target=\"_blank\" rel=\"noreferrer noopener\">Solicita\u00e7\u00e3o de Visita T\u00e9cnica<\/a><\/p>\n\n\n\n<p><a href=\"https:\/\/www.puspfc.usp.br\/formularios\/dvagro_solicita_abate.doc\" target=\"_blank\" rel=\"noreferrer noopener\">Solicita\u00e7\u00e3o de Abate de Animais<\/a><\/p>\n\n\n\n<p><a href=\"https:\/\/www.puspfc.usp.br\/sistemas\/prefeitura\" target=\"_blank\" rel=\"noreferrer noopener\">Formul\u00e1rio Protocolo de Experimento Online<\/a><\/p>\n\n\n\n<p><a href=\"https:\/\/www.puspfc.usp.br\/formularios\/dvagro_dia_de_campo.doc\" target=\"_blank\" rel=\"noopener\">Solicita\u00e7\u00e3o de Dia d<\/a><a href=\"https:\/\/www.puspfc.usp.br\/formularios\/dvagro_dia_de_campo.doc\" target=\"_blank\" rel=\"noreferrer noopener\">e<\/a><a href=\"https:\/\/www.puspfc.usp.br\/formularios\/dvagro_dia_de_campo.doc\" target=\"_blank\" rel=\"noopener\"> Campo<\/a><\/p>\n\n\n\n<p><a href=\"https:\/\/www.puspfc.usp.br\/formularios\/dvagro_atividade_complementar.doc\" target=\"_blank\" rel=\"noreferrer noopener\">Solicita\u00e7\u00e3o de Atividade Curricular Complementar<\/a><\/p>\n\n\n\n<p><a href=\"https:\/\/www.puspfc.usp.br\/formularios\/dvagro_apoio_didatico.doc\" target=\"_blank\" rel=\"noreferrer noopener\">Solicita\u00e7\u00e3o de Apoio Did\u00e1tico<\/a><\/p>\n\n\n\n<hr class=\"wp-block-separator has-alpha-channel-opacity\"\/>\n\n\n\n<p><strong>4.5&nbsp;Divis\u00e3o de Manuten\u00e7\u00e3o e Opera\u00e7\u00e3o &#8211; DVMANOPER<\/strong><\/p>\n\n\n\n<p><a href=\"https:\/\/www.puspfc.usp.br\/formularios\/dvmanoper_formulario_viagem.docx\" target=\"_blank\" rel=\"noopener\">Formul\u00e1rio de Solicita\u00e7\u00e3o de Viagem (Anexar \u00e0 Solicita\u00e7\u00e3o de Servi\u00e7o via Sistema)<\/a><br><\/p>\n\n\n\n<hr class=\"wp-block-separator has-alpha-channel-opacity\"\/>\n\n\n\n<p><strong>4.6&nbsp;Divis\u00e3o de Atendimento a Comunidade<\/strong><\/p>\n\n\n\n<p><a href=\"https:\/\/www.puspfc.usp.br\/sistemas\/prefeitura\/sistemas\/s23\/termo-bikes.pdf\" target=\"_blank\" rel=\"noreferrer noopener\">Termo de Uso das Bicicletas Compartilhadas &#8211; Projeto Vamos de Bike (Atualizado em 22\/04\/2025)<\/a><\/p>\n\n\n\n<hr class=\"wp-block-separator has-alpha-channel-opacity\"\/>\n\n\n\n<p><strong>4.7 Se\u00e7\u00e3o T\u00e9cnica de Inform\u00e1tica&nbsp;<\/strong><\/p>\n\n\n\n<p><a href=\"https:\/\/docs.google.com\/forms\/d\/e\/1FAIpQLSfyo--u4qPUu78alIy14ZZjKQ_-bOdAVHlwIolrygyUfpSAsQ\/viewform\" target=\"_blank\" rel=\"noreferrer noopener\">Solicita\u00e7\u00e3o de uso da Rede sem fio USPnet (visitantes)<\/a><\/p>\n\n\n\n<p><a href=\"https:\/\/id.usp.br\/\" target=\"_blank\" rel=\"noopener\">Solicita\u00e7\u00e3o de Email Institucional<\/a><\/p>\n\n\n\n<p><a href=\"https:\/\/www.puspfc.usp.br\/wp-content\/uploads\/2022\/07\/Termo_de_Responsabilidade_de-Uso_da_Rede-Morador-2022-1.pdf\" target=\"_blank\" rel=\"noopener\">Moradia Estudantil &#8211; Solicita\u00e7\u00e3o da Uso da Rede de Dados via Cabo &#8211; Habilita\u00e7\u00e3o de Ponto de Rede<\/a><\/p>\n\n\n\n<p><a href=\"https:\/\/www.puspfc.usp.br\/wp-content\/uploads\/2022\/07\/Termo_de_Responsabilidade_de-Uso_da_Rede-Morador-2022.pdf\" target=\"_blank\" rel=\"noreferrer noopener\">Solicita\u00e7\u00e3o da Uso da Rede USPnet em PER<\/a><\/p>\n\n\n\n<p><a href=\"https:\/\/atendimentosti.usp.br\/otrs\/public.pl?Action=PublicFAQExplorer;CategoryID=77\" target=\"_blank\" rel=\"noopener\">Solicita\u00e7\u00e3o de Software Institucional (para alunos e funcion\u00e1rios)<\/a><\/p>\n\n\n\n<hr class=\"wp-block-separator has-alpha-channel-opacity\"\/>\n\n\n\n<p><strong>4.8 Pr\u00f3prios Estaduais Residenciais &#8211; PER<\/strong><\/p>\n\n\n\n<p><a href=\"https:\/\/www.puspfc.usp.br\/wp-content\/uploads\/2021\/06\/Regulamento-PER-NOVO-6.pdf\" target=\"_blank\" rel=\"noreferrer noopener\">Regulamento PER 2021<\/a><\/p>\n\n\n\n<p><a href=\"https:\/\/www.puspfc.usp.br\/wp-content\/uploads\/2020\/08\/portaria_GR_2449-6.pdf\" target=\"_blank\" rel=\"noreferrer noopener\">GR N\u00ba 2449 &#8211;&nbsp;Disp\u00f5e sobre a resid\u00eancia de servidores em im\u00f3veis da USP<\/a><\/p>\n\n\n\n<p><\/p>\n","protected":false},"excerpt":{"rendered":"<p>1. Regimento da Prefeitura: Regimento da Prefeitura &#8211; Resolu\u00e7\u00e3o 8583 de 28\/02\/2024 &#8211; DOE de 29\/02\/2024 2. Portarias GP: GP N\u00ba 01\/26 &#8211; Gest\u00e3o CIPAGP N\u00ba 24\/25 &#8211; Uso de Ciclomotores GP N\u00ba 22\/25 &#8211; Uso dos espa\u00e7os da PUSP-FC para EventosGP N\u00ba 20\/25 &#8211; Atualiza Valores de M\u00e3o-de Obra&#46;&#46;&#46;<\/p>\n","protected":false},"author":1,"featured_media":0,"parent":3862,"menu_order":1,"comment_status":"closed","ping_status":"closed","template":"","meta":{"footnotes":"","_links_to":"","_links_to_target":""},"class_list":["post-89","page","type-page","status-publish","hentry"],"_links":{"self":[{"href":"https:\/\/www.puspfc.usp.br\/index.php\/wp-json\/wp\/v2\/pages\/89","targetHints":{"allow":["GET"]}}],"collection":[{"href":"https:\/\/www.puspfc.usp.br\/index.php\/wp-json\/wp\/v2\/pages"}],"about":[{"href":"https:\/\/www.puspfc.usp.br\/index.php\/wp-json\/wp\/v2\/types\/page"}],"author":[{"embeddable":true,"href":"https:\/\/www.puspfc.usp.br\/index.php\/wp-json\/wp\/v2\/users\/1"}],"replies":[{"embeddable":true,"href":"https:\/\/www.puspfc.usp.br\/index.php\/wp-json\/wp\/v2\/comments?post=89"}],"version-history":[{"count":33,"href":"https:\/\/www.puspfc.usp.br\/index.php\/wp-json\/wp\/v2\/pages\/89\/revisions"}],"predecessor-version":[{"id":4735,"href":"https:\/\/www.puspfc.usp.br\/index.php\/wp-json\/wp\/v2\/pages\/89\/revisions\/4735"}],"up":[{"embeddable":true,"href":"https:\/\/www.puspfc.usp.br\/index.php\/wp-json\/wp\/v2\/pages\/3862"}],"wp:attachment":[{"href":"https:\/\/www.puspfc.usp.br\/index.php\/wp-json\/wp\/v2\/media?parent=89"}],"curies":[{"name":"wp","href":"https:\/\/api.w.org\/{rel}","templated":true}]}}